{"id":3325,"date":"2016-10-18T10:01:15","date_gmt":"2016-10-18T10:01:15","guid":{"rendered":"http:\/\/klimanano.si\/?page_id=3325&#038;lang=de"},"modified":"2020-03-17T22:04:08","modified_gmt":"2020-03-17T22:04:08","slug":"wartung","status":"publish","type":"page","link":"https:\/\/klimanano.si\/de\/wartung\/","title":{"rendered":"Wartung"},"content":{"rendered":"<p>[av_one_half first]<br \/>\n[av_slideshow size=&#8217;portfolio&#8217; animation=&#8217;slide&#8217; autoplay=&#8217;true&#8217; interval=&#8217;5&#8242; control_layout=&#8221;]<br \/>\n[av_slide slide_type=&#8217;image&#8217; id=&#8217;507&#8242; video=&#8217;http:\/\/&#8217; mobile_image=&#8221; video_ratio=&#8217;16:9&#8242; title=&#8221; link_apply=&#8221; link=&#8217;lightbox&#8217; link_target=&#8221;][\/av_slide]<br \/>\n[av_slide slide_type=&#8217;image&#8217; id=&#8217;707&#8242; video=&#8221; mobile_image=&#8221; video_ratio=&#8221; title=&#8221; link_apply=&#8221; link=&#8217;lightbox&#8217; link_target=&#8221;][\/av_slide]<br \/>\n[\/av_slideshow]<br \/>\n[\/av_one_half]<\/p>\n<p>[av_one_half min_height=&#8221; vertical_alignment=&#8221; space=&#8221; custom_margin=&#8221; margin=&#8217;0px&#8217; padding=&#8217;0px&#8217; border=&#8221; border_color=&#8221; radius=&#8217;0px&#8217; background_color=&#8221; src=&#8221; background_position=&#8217;top left&#8217; background_repeat=&#8217;no-repeat&#8217; animation=&#8221;]<\/p>\n<p>[av_heading heading=&#8217;Wartung&#8217; tag=&#8217;h3&#8242; style=&#8221; size=&#8221; subheading_active=&#8221; subheading_size=&#8217;10&#8217; padding=&#8217;10&#8217; color=&#8217;meta-heading&#8217; custom_font=&#8221;][\/av_heading]<\/p>\n<p>[av_textblock size=&#8221; font_color=&#8221; color=&#8221;]<br \/>\nAuch ein gutes Gerat kann fehlschlagen, wenn es nicht nach dem Anweisungen verwendet wird und nicht richtig gepflegt wird. Zuverl\u00e4ssiger Service bedeutet mehr als nur Abbau und umfasst eine breite Palette von Management-Beratung.\u00a0 Zuverl\u00e4ssiger Service bedeutet auch eine regelm\u00e4\u00dfige Wartung, das ist auch der \u00a0einzige Weg, um eine lange und energieeffizienten Betrieb Ihrer Ger\u00e4te zu gew\u00e4hrleisten.<\/p>\n<p><strong>Effizienter Service<\/strong> ist von entscheidender Bedeutung f\u00fcr die \u00f6kologische Integrit\u00e4t der Ger\u00e4te und eine lange Lebensdauer.<\/p>\n<p>Wir bieten Wartung und Reparatur von K\u00fchlmittel (W\u00e4rmepumpen und Klimaanlagen) und L\u00fcftungsanlagen.<\/p>\n<p>Wir bieten:<\/p>\n<ul>\n<li><strong>Wartung<\/strong><\/li>\n<li><strong>Vorbeugende Wartung<\/strong><\/li>\n<li><strong>Service<\/strong><\/li>\n<li><strong>Sanierungen<\/strong><\/li>\n<li><strong>Aufr\u00fcstung<\/strong><\/li>\n<\/ul>\n<h4><\/h4>\n<p>[\/av_textblock]<\/p>\n<p>[\/av_one_half]<\/p>","protected":false},"excerpt":{"rendered":"<p>[av_one_half first] [av_slideshow size=&#8217;portfolio&#8217; animation=&#8217;slide&#8217; autoplay=&#8217;true&#8217; interval=&#8217;5&#8242; control_layout=&#8221;] [av_slide slide_type=&#8217;image&#8217; id=&#8217;507&#8242; video=&#8217;http:\/\/&#8217; mobile_image=&#8221; video_ratio=&#8217;16:9&#8242; title=&#8221; link_apply=&#8221; link=&#8217;lightbox&#8217; link_target=&#8221;][\/av_slide] [av_slide slide_type=&#8217;image&#8217; id=&#8217;707&#8242; video=&#8221; mobile_image=&#8221; video_ratio=&#8221; title=&#8221; link_apply=&#8221; link=&#8217;lightbox&#8217; link_target=&#8221;][\/av_slide] [\/av_slideshow] [\/av_one_half] [av_one_half min_height=&#8221; vertical_alignment=&#8221; space=&#8221; custom_margin=&#8221; margin=&#8217;0px&#8217; padding=&#8217;0px&#8217; border=&#8221; border_color=&#8221; radius=&#8217;0px&#8217; background_color=&#8221; src=&#8221; background_position=&#8217;top left&#8217; background_repeat=&#8217;no-repeat&#8217; animation=&#8221;] [av_heading heading=&#8217;Wartung&#8217; tag=&#8217;h3&#8242; style=&#8221; size=&#8221; subheading_active=&#8221; subheading_size=&#8217;10&#8217; padding=&#8217;10&#8217; color=&#8217;meta-heading&#8217; [&hellip;]<\/p>","protected":false},"author":1,"featured_media":0,"parent":0,"menu_order":0,"comment_status":"closed","ping_status":"closed","template":"","meta":{"_monsterinsights_skip_tracking":false,"_monsterinsights_sitenote_active":false,"_monsterinsights_sitenote_note":"","_monsterinsights_sitenote_category":0},"_links":{"self":[{"href":"https:\/\/klimanano.si\/de\/wp-json\/wp\/v2\/pages\/3325"}],"collection":[{"href":"https:\/\/klimanano.si\/de\/wp-json\/wp\/v2\/pages"}],"about":[{"href":"https:\/\/klimanano.si\/de\/wp-json\/wp\/v2\/types\/page"}],"author":[{"embeddable":true,"href":"https:\/\/klimanano.si\/de\/wp-json\/wp\/v2\/users\/1"}],"replies":[{"embeddable":true,"href":"https:\/\/klimanano.si\/de\/wp-json\/wp\/v2\/comments?post=3325"}],"version-history":[{"count":1,"href":"https:\/\/klimanano.si\/de\/wp-json\/wp\/v2\/pages\/3325\/revisions"}],"predecessor-version":[{"id":3326,"href":"https:\/\/klimanano.si\/de\/wp-json\/wp\/v2\/pages\/3325\/revisions\/3326"}],"wp:attachment":[{"href":"https:\/\/klimanano.si\/de\/wp-json\/wp\/v2\/media?parent=3325"}],"curies":[{"name":"wp","href":"https:\/\/api.w.org\/{rel}","templated":true}]}}