{"id":4151,"date":"2020-10-30T10:01:55","date_gmt":"2020-10-30T10:01:55","guid":{"rendered":"https:\/\/klimanano.si\/?page_id=4151"},"modified":"2020-10-30T10:04:27","modified_gmt":"2020-10-30T10:04:27","slug":"splosni-pogoji","status":"publish","type":"page","link":"https:\/\/klimanano.si\/de\/splosni-pogoji\/","title":{"rendered":"Splo\u0161ni pogoji"},"content":{"rendered":"<h2><\/h2>\n<h2 data-elementor-setting-key=\"title\" data-pen-placeholder=\"Type Here...\" style=\"font-variant-ligatures: normal; font-variant-caps: normal; font-style: normal; text-align: center;\">Splo\u0161ni pogoji<\/h2>\n<p style=\"line-height: normal; mso-outline-level: 2; background: white; margin: 6.0pt 0in 0in 0in;\">Pogoji poslovanja podjetja Klimanano.si<\/p>\n<p style=\"line-height: normal; background: white; margin: 6.0pt 0in 0in 0in;\"><b>Za vas smo na voljo;<\/b><\/p>\n<p style=\"line-height: normal; background: white; margin: 6.0pt 0in 0in 0in;\"><b>\u2022&nbsp; info@klimanano.si<\/b><\/p>\n<p style=\"line-height: normal; background: white; margin: 6.0pt 0in 0in 0in;\"><b>\u2022&nbsp; 041 397 634<\/b><\/p>\n<p style=\"line-height: normal; background: white; margin: 6.0pt 0in 0in 0in;\"><b>Nudimo proizvode ki potrebujejo monta\u017eo, zato je za dokon\u010danje nakupa potrebno pripraviti izra\u010dun, ki zajema popis materiala in ceno monta\u017ee.<\/b><\/p>\n<p style=\"line-height: normal; background: white; margin: 6.0pt 0in 0in 0in;\"><b>Naro\u010dila<\/b><\/p>\n<p style=\"line-height: normal; background: white; margin: 6.0pt 0in 0in 0in;\">Podjetje KlimaNano, Bostjan Tischler, s.p., se zavzema za kakovostne re\u0161itve in \u017eeli strankam predati primerne re\u0161itve za zasebne in poslovne prostore. Pred naro\u010dilom materiala je potrebno preveriti stro\u0161ke monta\u017ee. Stranka pla\u010da po predra\u010dunu ali po izvedeni storitvi po ra\u010dunu.<\/p>\n<p style=\"line-height: normal; background: white; margin: 6.0pt 0in 0in 0in;\"><b>Izdaja ra\u010duna<\/b><\/p>\n<p style=\"line-height: normal; background: white; margin: 6.0pt 0in 0in 0in;\">Podjetje KlimaNano, Bostjan Tischler, s.p., mora kupcu izdati ra\u010dun skupaj s specifikacijo artikla od distributerja. Le-to stori po izvedeni monta\u017ei in si pridru\u017euje pravico do spremembe zneska, v kolikor za monta\u017eo potrebuje \u0161e druga sredstva (prevoz, dvigalo, dodatni deli, dodatna dela\u2026). Stranko o tem obvesti ob pri\u010detku del.<\/p>\n<p style=\"line-height: normal; background: white; margin: 6.0pt 0in 0in 0in;\"><b>Dostava<\/b><\/p>\n<p style=\"line-height: normal; background: white; margin: 6.0pt 0in 0in 0in;\">Stranka je dol\u017ena ob naro\u010dilu navesti naslov monta\u017ee. Dostavo opravi podjetje KlimaNano, Bostjan Tischler, s.p., skupaj z monta\u017eo.<\/p>\n<p style=\"line-height: normal; background: white; margin: 6.0pt 0in 0in 0in;\"><b>Splo\u0161ni pogoji poslovanja spletne trgovine<\/b><\/p>\n<p style=\"line-height: normal; background: white; margin: 6.0pt 0in 0in 0in;\">Spletno mesto podjetja KlimaNano, Bostjan Tischler, s.p., vsebuje spletno trgovino, ki deluje v skladu z Zakonom o varstvu potro\u0161nikov (ZVPot-UPB2). Ob nakupu v spletni trgovini podjetja KlimaNano, Bostjan Tischler, s.p., obiskovalec odda osebne podatke, na podlagi \u010desar se lahko opravi nakup. Zavezanci za DDV so dol\u017eni ob registraciji navesti tudi svojo dav\u010dno \u0161tevilko.<\/p>\n<p style=\"line-height: normal; background: white; margin: 6.0pt 0in 0in 0in;\">Splo\u0161ni pogoji poslovanja obravnavajo delovanje spletne trgovine, pravice uporabnika ter poslovni odnos med lastnikom spletne trgovine, ponudniki artiklov in potro\u0161nikom.<\/p>\n<p style=\"line-height: normal; background: white; margin: 6.0pt 0in 0in 0in;\"><b>Cene in a\u017eurnost podatkov<\/b><\/p>\n<p style=\"line-height: normal; background: white; margin: 6.0pt 0in 0in 0in;\">Vse cene so v EUR brez ddv.<\/p>\n<p style=\"line-height: normal; background: white; margin: 6.0pt 0in 0in 0in;\">Na spletnem mestu se bomo trudili a\u017eurirati cene, v kolikor se le-te spremenijo pri proizvajalcu in sku\u0161ali \u010dim bolje skrbeti za a\u017eurnost in pravilnost podatkov, ki so navedeni na spletu. Kljub temu, pa se lastnosti artiklov in dobavni rok lahko spreminjajo, tako da obstaja mo\u017enost, da na spletnem mestu ne utegnemo pravo\u010dasno popraviti podatkov na spletnih straneh. V takem primeru, se kupca obvesti o spremembah ter omogo\u010di preklic naro\u010dila ali se dogovorimo kako druga\u010de (zamenjava blaga, \u2026).<\/p>\n<p style=\"line-height: normal; background: white; margin: 6.0pt 0in 0in 0in;\">Vse fotografije artiklov so simboli\u010dne in ne zagotavljajo lastnosti izdelka. Tehni\u010dne lastnosti izdelkov so povzete po podatkih, ki jih je ponudnik pridobil s strani proizvajalca, zato za pravilnost teh podatkov na spletnem mestu ne odgovarjamo!<\/p>\n<p style=\"line-height: normal; background: white; margin: 6.0pt 0in 0in 0in;\"><b>Naro\u010danje<\/b><\/p>\n<p style=\"line-height: normal; background: white; margin: 6.0pt 0in 0in 0in;\">Naro\u010danje poteka prek Interneta 24 ur na dan. Dostava in izvedba se izvedeta v delovnih dneh. Potro\u0161nik izbira in naro\u010di izdelke, ki so mu na voljo v spletni trgovini, razvr\u0161\u010dene v kategorijah.<\/p>\n<p style=\"line-height: normal; background: white; margin: 6.0pt 0in 0in 0in;\">1. Naro\u010dilo v obdelavi Po oddaji naro\u010dila kupec prejme elektronsko po\u0161to, da je naro\u010dilo v sprejeto, nato podjetje KlimaNano, Bostjan Tischler, s.p., pripravi izra\u010dun, glede na posebnosti pri naro\u010dilu, na \u017eeljo stranke ali izvajalca, se stranki dogovorita ogled in se na podlagi tega pripravi predra\u010dun.<\/p>\n<p style=\"line-height: normal; background: white; margin: 6.0pt 0in 0in 0in;\">2. Vsi nadaljnji koraki sledijo v skladu s komunikacijo s stranko:<\/p>\n<p style=\"line-height: normal; background: white; margin: 6.0pt 0in 0in 0in;\">\u2013 Po prejemu pla\u010dila se stranki dogovorita za datum izvedbe, ki je seveda odvisen od razpolo\u017eljivih terminov podjetja KlimaNano, Bostjan Tischler, s.p., in razpolo\u017eljivosti naprav pri distributerjih.&nbsp;<\/p>\n<p style=\"line-height: normal; background: white; margin: 6.0pt 0in 0in 0in;\">\u2013 KlimaNano, Bostjan Tischler, s.p., ne odgovarja za zalogo izdelkov.<\/p>\n<p style=\"line-height: normal; background: white; margin: 6.0pt 0in 0in 0in;\"><b>Pravica do odstopa od nakupa<\/b><\/p>\n<p style=\"line-height: normal; background: white; margin: 6.0pt 0in 0in 0in;\">Pri pogodbah, sklenjenih na daljavo ali zunaj poslovnih prostorov, ima potro\u0161nik pravico, da v 14 dneh obvesti podjetje, da odstopa od pogodbe, ne da bi mu bilo treba navesti razlog za svojo odlo\u010ditev. \u0160teje se, da je potro\u0161nik podal odstopno izjavo pravo\u010dasno, \u010de jo po\u0161lje v roku na: info@klimanano.si. V kolikor je kupec oddal naro\u010dilo, a nakupa ne bo izvedel, je pomembno, da nas o tem obvesti v roku oz. pred monta\u017eo, v kolikor je monta\u017ea pred 14 dnevi. V kolikor se stranka odlo\u010di preklicati naro\u010dilo na samem terminu, se stranki zara\u010dunajo stro\u0161ki, ki so pri tem nastali.<\/p>\n<p style=\"line-height: normal; background: white; margin: 6.0pt 0in 0in 0in;\">Celotne stro\u0161ke po\u0161iljanja in\/ali vra\u010dila blaga v primeru vra\u010dila krije kupec, v primeru odstopa od pogodbe podjetje nemudoma oziroma najpozneje v 14 dneh po prejemu obvestila o odstopu od pogodbe vrne vsa prejeta pla\u010dila.<\/p>\n<p style=\"line-height: normal; background: white; margin: 6.0pt 0in 0in 0in;\">Podjetje vrne prejeta pla\u010dila potro\u0161niku z enakim pla\u010dilnim sredstvom, kot ga je uporabil potro\u0161nik, razen \u010de je potro\u0161nik izrecno zahteval uporabo drugega pla\u010dilnega sredstva in \u010de potro\u0161nik zaradi tega ne nosi nobenih stro\u0161kov.<\/p>\n<p style=\"line-height: normal; background: white; margin: 6.0pt 0in 0in 0in;\">Skladno z zakonskimi normativi ne priznavamo nobenega izvajalca izvensodnega re\u0161evanja potro\u0161ni\u0161kih sporov kot pristojnega za re\u0161evanje potro\u0161ni\u0161kega spora, ki bi ga potro\u0161nik lahko spro\u017eil v skladu z Zakonom o izvensodnem re\u0161evanju potro\u0161ni\u0161kih sporov.&nbsp;<\/p>\n<p style=\"line-height: normal; background: white; margin: 6.0pt 0in 0in 0in;\">Pridru\u017eujemo si pravico do odstopa od naro\u010dila ob primeru tehni\u010dnih te\u017eav, vdorov ali zlonamernih dejanj, ki lahko privedejo spletno trgovino do nepravilnega delovanja ali prikazovanja napa\u010dnih informacij, cen ali pogojev.<\/p>\n<p style=\"line-height: normal; background: white; margin: 6.0pt 0in 0in 0in;\">KlimaNano, Bostjan Tischler, s.p., ki kot ponudnik blaga in storitev omogo\u010da spletno trgovino na obmo\u010dju Slovenije, na svoji spletni strani objavlja elektronsko povezavo na platformo za spletno re\u0161evanje potro\u0161ni\u0161kih sporov (SRPS).&nbsp;<a href=\"https:\/\/ec.europa.eu\/consumers\/odr\/main\/index.cfm?event=main.home2.show&amp;lng=SL\">Platforma je na voljo potro\u0161nikom na tej povezavi.<\/a><\/p>\n<p style=\"line-height: normal; background: white; margin: 6.0pt 0in 0in 0in;\"><b>Na\u010dini pla\u010dila<\/b><\/p>\n<p style=\"line-height: normal; background: white; margin: 6.0pt 0in 0in 0in;\">V spletni trgovi sprejemamo naslednja pla\u010dilna sredstva:<\/p>\n<p style=\"line-height: normal; background: white; margin: 6.0pt 0in 0in 0in;\">\u2013 Pla\u010dilo izvedenega naro\u010dila po UPN obrazcu in<\/p>\n<p style=\"line-height: normal; background: white; margin: 6.0pt 0in 0in 0in;\">\u2013 Pla\u010dilo po predra\u010dunu.<\/p>\n<p style=\"line-height: normal; background: white; margin: 6.0pt 0in 0in 0in;\">Navedene cene v spletni trgovini veljajo ob nakazilu preko banke.<\/p>\n<p style=\"line-height: normal; background: white; margin: 6.0pt 0in 0in 0in;\"><b>Varovanje podatkov<\/b><\/p>\n<p style=\"line-height: normal; background: white; margin: 6.0pt 0in 0in 0in;\">Lastnik spletnega mesta KlimaNano, Bostjan Tischler, s.p., zagotavlja varovanje osebnih podatkov, ki bodo uporabljeni v namene obve\u0161\u010danja o poteku naro\u010dila (v primeru, da obiskovalec v spletni trgovini opravi nakup) ter po\u0161iljanje reklamnega gradiva. Lastnik jam\u010di, da bodo podatki obiskovalcev in uporabnikov uporabljeni v namen nemotenega poteka naro\u010dil in v namene, ki so zapisani v Politiki zasebnosti in ne bodo predani tretji osebi.<\/p>\n<p style=\"line-height: normal; background: white; margin: 6.0pt 0in 0in 0in;\">V primeru te\u017eav oz. nejasnosti pri uporabi spletnega mesta si lastnik spletnega mesta pridr\u017euje pravico do stika s potro\u0161nikom prek sredstev komunikacij na daljavo.<\/p>\n<p style=\"line-height: normal; background: white; margin: 6.0pt 0in 0in 0in;\">Obiskovalec z izvedeno registracijo dovoljuje lastniku spletnega mesta zbiranje in uporabo osebnih podatkov, ki jih vnese pri registraciji. Vsi podatki, ki jih obiskovalec navede pri registraciji so namenjeni le poslovanju ponudnika, ki jih ne posreduje v druge namene ali tretji osebi. Trajno hranimo podatke, ki jih je obiskovalec vnesel ob registraciji v ra\u010dunalni\u0161ki sistem, ki je ustrezno varovan in za\u0161\u010diten. Ob morebitnem \u201cvdoru\u201d v ra\u010dunalni\u0161ki sistem ne nosimo odgovornosti!<\/p>\n<p style=\"line-height: normal; background: white; margin: 6.0pt 0in 0in 0in;\"><b>Garancija<\/b><\/p>\n<p style=\"line-height: normal; background: white; margin: 6.0pt 0in 0in 0in;\">Artikli imajo garancijo, \u010de je tako navedeno na garancijskem listu ali na ra\u010dunu. Garancija je veljavna ob upo\u0161tevanju navodil na garancijskem listu ter ob predlo\u017eitvi ra\u010duna. Garancijski roki so navedeni na garancijskih listih ali na ra\u010dunu.<\/p>\n<p style=\"line-height: normal; background: white; margin: 6.0pt 0in 0in 0in;\"><b>Stvarna napaka<\/b><\/p>\n<p style=\"line-height: normal; background: white; margin: 6.0pt 0in 0in 0in;\">Prodajalec mora potro\u0161niku izro\u010diti blago v skladu s pogodbo in odgovarja za stvarne napake svoje izpolnitve.<\/p>\n<p style=\"line-height: normal; background: white; margin: 6.0pt 0in 0in 0in;\">Napaka je stvarna:<\/p>\n<p style=\"line-height: normal; background: white; margin: 6.0pt 0in 0in 0in;\">1. \u010de stvar nima lastnosti, ki so potrebne za njeno normalno rabo ali za promet;<\/p>\n<p style=\"line-height: normal; background: white; margin: 6.0pt 0in 0in 0in;\">2. \u010de stvar nima lastnosti, ki so potrebne za posebno rabo, za katero jo kupec kupuje, ki pa je bila prodajalcu znana oziroma bi mu morala biti znana;<\/p>\n<p style=\"line-height: normal; background: white; margin: 6.0pt 0in 0in 0in;\">3. \u010de stvar nima lastnosti in odlik, ki so bile izrecno ali mol\u010de dogovorjene oziroma predpisane;<\/p>\n<p style=\"line-height: normal; background: white; margin: 6.0pt 0in 0in 0in;\">4. \u010de je prodajalec izro\u010dil stvar, ki se ne ujema z vzorcem ali modelom, razen \u010de je bil vzorec ali model pokazan le zaradi obvestila.<\/p>\n<p style=\"line-height: normal; background: white; margin: 6.0pt 0in 0in 0in;\">Primernost blaga za normalno rabo se presoja glede na obi\u010dajno blago enake vrste in ob upo\u0161tevanju kakr\u0161nihkoli prodajal\u010devih izjav o zna\u010dilnostih blaga, ki jih je dal prodajalec ali proizvajalec zlasti z ogla\u0161evanjem, predstavitvijo izdelka ali navedbami na blagu samem.<\/p>\n<p style=\"line-height: normal; background: white; margin: 6.0pt 0in 0in 0in;\">Potro\u0161nik lahko uveljavlja svoje pravice iz naslova stvarne napake, \u010de o napaki obvesti prodajalca v roku dveh mesecev od dneva, ko je bila napaka odkrita. Potro\u0161nik mora v obvestilu o napaki natan\u010dneje opisati napako in prodajalcu omogo\u010diti, da stvar pregleda.<\/p>\n<p style=\"line-height: normal; background: white; margin: 6.0pt 0in 0in 0in;\">Obvestilo o napaki lahko potro\u0161nik prodajalcu sporo\u010di osebno, o \u010demer mu prodajalec mora izdati potrdilo, ali ga po\u0161lje v prodajalno, kjer je bila stvar kupljena, ali pa zastopniku prodajalca, s katerim je sklenil pogodbo. Prodajalec ne odgovarja za stvarne napake na blagu, ki se poka\u017eejo potem, ko mineta dve leti, odkar je bila stvar izro\u010dena.<\/p>\n<p style=\"line-height: normal; background: white; margin: 6.0pt 0in 0in 0in;\">\u0160teje se, da je napaka na stvari obstajala \u017ee v \u010dasu izro\u010ditve, \u010de se pojavi v roku \u0161est mesecev od izro\u010ditve. Potro\u0161nik, ki je pravilno obvestil prodajalca o napaki, ima pravico od prodajalca zahtevati, da: odpravi napako na blagu ali vrne del pla\u010danega zneska v sorazmerju z napako ali blago z napako zamenja z novim brezhibnim blagom ali vrne pla\u010dani znesek.<\/p>\n<p style=\"line-height: normal; background: white; margin: 6.0pt 0in 0in 0in;\">V vsakem primeru ima potro\u0161nik tudi pravico, da od prodajalca zahteva povrnitev \u0161kode, zlasti pa povra\u010dilo stro\u0161kov materiala, nadomestnih delov, dela, prenosa in prevoza izdelkov, ki nastanejo zaradi izpolnitve obveznosti iz prej\u0161njega odstavka tega \u010dlena. Pravice potro\u0161nika iz prvega odstavka ugasnejo s potekom dveh let od dneva, ko je o stvarni napaki obvestil prodajalca<\/p>\n<p style=\"line-height: normal; background: white; margin: 6.0pt 0in 0in 0in;\"><b>Kako se preverja primernost artikla?<\/b><\/p>\n<p style=\"line-height: normal; background: white; margin: 6.0pt 0in 0in 0in;\">Preverja se z drugim, brezhibnim artiklom enake vrste, hkrati pa tudi z izjavami proizvajalca oziroma navedbami na samem artiklu.<\/p>\n<p style=\"line-height: normal; background: white; margin: 6.0pt 0in 0in 0in;\"><b>Kako se stvarno napako uveljavi?<\/b><\/p>\n<p style=\"line-height: normal; background: white; margin: 6.0pt 0in 0in 0in;\">Kupec nas mora o morebitni stvarni napaki skupaj z natan\u010dnim opisom le-te obvestiti v zakonsko dolo\u010denem roku in nam hkrati omogo\u010diti pregled artikla.<\/p>\n<p style=\"line-height: normal; background: white; margin: 6.0pt 0in 0in 0in;\">Pravico do uveljavljanja stvarne napake na artiklu natan\u010dneje urejajo dolo\u010dila zakona o varstvu potro\u0161nikov.<\/p>\n<p style=\"line-height: normal; background: white; margin: 6.0pt 0in 0in 0in;\"><b>Avtorske pravice<\/b><\/p>\n<p style=\"line-height: normal; background: white; margin: 6.0pt 0in 0in 0in;\">Spletno mesto heatandcool.si je v lasti podjetja KlimaNano, Bostjan Tischler, s.p., Vse pravice so pridr\u017eane. Vsebine na spletnih straneh lahko vsebujejo gradivo, katerega avtorske pravice so lahko tudi last tretjih oseb. Zato je vsakr\u0161no posredovanje informacij iz spletnih strani dovoljeno samo s pismeno odobritvijo lastnika.<\/p>\n<p style=\"line-height: normal; background: white; margin: 6.0pt 0in 0in 0in;\">Spletno mesto heatandcool.si ne odgovarja za vsebino mnenj o artiklih, ki jih napi\u0161ejo obiskovalci. Podjetje KlimaNano, Bostjan Tischler, s.p., si pridru\u017euje pravico, da mnenja oddana na heatandcool.si objavo pregleda in zavrne tista sporo\u010dila, ki vsebujejo o\u010ditne neresnice, so neprimerna, zavajajo\u010da ali \u017ealjiva. Spletno mesto heatandcool.si ne odgovarja za informacije v mnenjih in se omejuje od kakr\u0161nekoli odgovornosti, ki izvira iz podanih informacij v mnenjih.<\/p>\n<p style=\"line-height: normal; background: white; margin: 6.0pt 0in 0in 0in;\"><b>Prito\u017ebe in spori<\/b><\/p>\n<p style=\"line-height: normal; background: white; margin: 6.0pt 0in 0in 0in;\">Ponudnik spo\u0161tuje veljavno zakonodajo o varstvu potro\u0161nikov. Prito\u017eba se odda prek e-po\u0161tnega naslova info@klimanano.si Postopek obravnave prito\u017ebe je zaupen.<\/p>\n<p style=\"line-height: normal; background: white; margin: 6.0pt 0in 0in 0in;\">Podjetje KlimaNano, Bostjan Tischler, s.p., si prizadeva po svojih najbolj\u0161ih mo\u010deh, da se morebitni spori re\u0161ijo sporazumno.<\/p>\n<p style=\"line-height: normal; background: white; margin: 6.0pt 0in 0in 0in;\"><b>Zasebnost<\/b><\/p>\n<p style=\"line-height: normal; background: white; margin: 6.0pt 0in 0in 0in;\">V podjetju KlimaNano, Bostjan Tischler, s.p., spo\u0161tujemo in cenimo Va\u0161o zasebnost in osebne podatke, ki nam jih zaupate. V spletni trgovini boste oddali svoje podatke pri \u010demer bomo va\u0161e podatke uporabili za izvedbo nakupa in monta\u017ee (podatki, ki jih bomo potrebovali za izvedbo predra\u010duna, izmere, po\u0161iljanje predra\u010duna, dogovor za ogled na lokaciji za monta\u017eo, druga komunikacija povezana z dostavo\u2026). Pri nakupu oz. oddaji povpra\u0161evanja se stranka strinja, da kontaktne podatke po\u0161ljemo distributerju naprave z namenom, da lahko distributer po potrebi pripravi izra\u010dun, svetovanje in tako stranki zagotovimo optimalno napravo glede na zahteve in specifikacije prostora. Osebne podatke, ki jih pridobimo z nudenjem na\u0161ih storitev, hranimo in obdelujemo v skladu z veljavno evropsko in slovensko zakonodajo (Zakon o varstvu osebnih podatkov ZVOP-1 in Evropsko uredbo o varstvu osebnih podatkov GDPR). Ve\u010d o varovanju va\u0161e zasebnosti si lahko preberete v&nbsp;<a href=\"http:\/\/www.e-team.si\/varstvo-podatkov\/\" target=\"_blank\" rel=\"noopener noreferrer\">Vars<\/a>tvu zasebnosti.<\/p>\n<p style=\"line-height: normal; background: white; margin: 6.0pt 0in 0in 0in;\"><b>Komunikacija<\/b><\/p>\n<p style=\"line-height: normal; background: white; margin: 6.0pt 0in 0in 0in;\">Podjetje KlimaNano, Bostjan Tischler, s.p., bo z uporabnikom stopil v stik preko sredstev komunikacij na daljavo le, \u010de temu uporabnik izrecno ne nasprotuje, in v skladu z dolo\u010dili ZEKom-1.<\/p>\n<p style=\"line-height: normal; background: white; margin: 6.0pt 0in 0in 0in;\">Oglasna elektronska sporo\u010dila KlimaNano, Bostjan Tischler, s.p., bodo ozna\u010dena kot oglasna sporo\u010dila:, razli\u010dne akcije, promocije in druge tr\u017ene tehnike bodo ozna\u010dene kot tak\u0161ne. Prav tako bodo jasno dolo\u010deni pogoji udele\u017ebe v njih, jasno bo predstavljen na\u010din odjave od prejemanja oglasnih sporo\u010dil, \u017eeljo uporabnika, da ne \u017eeli prejemati oglasnih sporo\u010dil, bomo izrecno spo\u0161toval.<\/p>\n<p style=\"line-height: normal; background: white; margin: 6.0pt 0in 0in 0in;\">Oglasna sporo\u010dila bodo jasno razvidna in jasno lo\u010dena od iger in tekmovanj.<\/p>\n<p style=\"line-height: normal; background: white; margin: 6.0pt 0in 0in 0in;\"><b>Dobavni roki in zaloga artiklov<\/b><\/p>\n<p style=\"line-height: normal; background: white; margin: 6.0pt 0in 0in 0in;\">Navedeni dobavni roki(zaloga), se navezujejo na pridobljene dobavne roke dobaviteljev. Pridr\u017eujemo si pravico do korekcije dobavnega roka v primeru, nespo\u0161tovanja s strani dobavitelja oziroma ,da dobavitelj izdelka nima na zalogi.<\/p>\n<p style=\"line-height: normal; background: white; margin: 6.0pt 0in 0in 0in;\"><b>Omejitev odgovornosti<\/b><\/p>\n<p style=\"line-height: normal; background: white; margin: 6.0pt 0in 0in 0in;\">Podjetje KlimaNano, Bostjan Tischler, s.p., ima mo\u017enost odstopa od pogodbe le, \u010de se ugotovi o\u010ditna napaka (46. \u010dlen OZ). Kot o\u010ditna napaka se \u0161teje napaka v bistvenih lastnostih artikla in vse zmote, ki se po obi\u010dajih v trgovini ali po namenu strank \u0161tejejo za odlo\u010dilne ter e-team v primeru vednosti ne bi potrdil oziroma sklenil pogodbe. To vklju\u010duje tudi o\u010ditne napake v ceni.<\/p>\n<p style=\"line-height: normal; margin: 6.0pt 0in 0in 0in;\">","protected":false},"excerpt":{"rendered":"<p>Splo\u0161ni pogoji Pogoji poslovanja podjetja Klimanano.si Za vas smo na voljo; \u2022&nbsp; info@klimanano.si \u2022&nbsp; 041 397 634 Nudimo proizvode ki potrebujejo monta\u017eo, zato je za dokon\u010danje nakupa potrebno pripraviti izra\u010dun, ki zajema popis materiala in ceno monta\u017ee. Naro\u010dila Podjetje KlimaNano, Bostjan Tischler, s.p., se zavzema za kakovostne re\u0161itve in \u017eeli strankam predati primerne re\u0161itve za [&hellip;]<\/p>","protected":false},"author":3,"featured_media":0,"parent":0,"menu_order":0,"comment_status":"closed","ping_status":"closed","template":"","meta":{"_monsterinsights_skip_tracking":false,"_monsterinsights_sitenote_active":false,"_monsterinsights_sitenote_note":"","_monsterinsights_sitenote_category":0},"_links":{"self":[{"href":"https:\/\/klimanano.si\/de\/wp-json\/wp\/v2\/pages\/4151"}],"collection":[{"href":"https:\/\/klimanano.si\/de\/wp-json\/wp\/v2\/pages"}],"about":[{"href":"https:\/\/klimanano.si\/de\/wp-json\/wp\/v2\/types\/page"}],"author":[{"embeddable":true,"href":"https:\/\/klimanano.si\/de\/wp-json\/wp\/v2\/users\/3"}],"replies":[{"embeddable":true,"href":"https:\/\/klimanano.si\/de\/wp-json\/wp\/v2\/comments?post=4151"}],"version-history":[{"count":5,"href":"https:\/\/klimanano.si\/de\/wp-json\/wp\/v2\/pages\/4151\/revisions"}],"predecessor-version":[{"id":4156,"href":"https:\/\/klimanano.si\/de\/wp-json\/wp\/v2\/pages\/4151\/revisions\/4156"}],"wp:attachment":[{"href":"https:\/\/klimanano.si\/de\/wp-json\/wp\/v2\/media?parent=4151"}],"curies":[{"name":"wp","href":"https:\/\/api.w.org\/{rel}","templated":true}]}}