{"id":3453,"date":"2016-10-18T17:33:55","date_gmt":"2016-10-18T17:33:55","guid":{"rendered":"http:\/\/klimanano.si\/?post_type=product&#038;p=3453"},"modified":"2020-10-30T08:01:11","modified_gmt":"2020-10-30T08:01:11","slug":"daikin-altherma-ht-3","status":"publish","type":"product","link":"https:\/\/klimanano.si\/de\/izdelki\/daikin-altherma-ht-3\/","title":{"rendered":"Daikin Altherma HT"},"content":{"rendered":"<p>Freistehende Luft-Wasser-W\u00e4rmepumpe zur Selbstheizung, die mit vorhandenen Heizk\u00f6rpern kombiniert werden kann.<\/p>\n<ul>\n<li>Das energieeffiziente Heizsystem basiert auf der Luft-Wasser-W\u00e4rmepumpentechnologie.<\/li>\n<li>Verwendung bei hohen Temperaturen: bis zu 80 \u00b0 C ohne elektrische Heizung.<\/li>\n<li>Einfacher Austausch eines vorhandenen Kessels ohne Austausch des Heizungsrohrs.<\/li>\n<li>M\u00f6glichkeit der Kombination mit Hochtemperaturheizk\u00f6rpern.\nNiedrige Energiekosten und geringe CO2-Emissionen.<\/li>\n<li>Niedrige Energiekosten und geringe CO2-Emissionen.<\/li>\n<li>Inverter-Scroll-Kompressor.<\/li>\n<li>Das Au\u00dfenger\u00e4t entzieht der Au\u00dfenluft auch bei -20 \u00b0 C W\u00e4rme.<\/li>\n<\/ul>\n<p><a href=\"http:\/\/klimanano.si\/wp-content\/uploads\/2016\/10\/Altherma-HT-brosura_web.pdf\" rel=\"\">Daikin Altherma HT &#8211; bro\u0161ura<\/a><\/p>\n<p><a href=\"http:\/\/klimanano.si\/wp-content\/uploads\/2016\/10\/EKHBRD-ADV1_ADY1_4PSL402192-1A_OM_Operation-Manuals_Slovenian.pdf\" rel=\"\">Daikin Altherma HT &#8211; navodila za uporabo<\/a><\/p>","protected":false},"excerpt":{"rendered":"<p>Samostoje\u010da toplotna \u010drpalka zrak-voda za samo ogrevanje, ki jo je mogo\u010de kombinirati z obstoje\u010dimi radiatorji. Energetsko u\u010dinkoviti sistem ogrevanja temelji na\u00a0tehnologiji toplotne \u010drpalke zrak-voda. Visokotemperaturna uporaba: do 80 \u00b0C brez elektri\u010dnega grelnika. Preprosta zamenjava obstoje\u010dega kotla brez zamenjave cevi za ogrevanje. Mo\u017enost kombiniranja z visokotemperaturnimi radiatorji. Nizki stro\u0161ki za energijo in nizki izpusti CO2. Inverterski [&hellip;]<\/p>","protected":false},"featured_media":3458,"template":"","meta":{"_monsterinsights_skip_tracking":false,"_monsterinsights_sitenote_active":false,"_monsterinsights_sitenote_note":"","_monsterinsights_sitenote_category":0},"product_cat":[25],"product_tag":[],"_links":{"self":[{"href":"https:\/\/klimanano.si\/de\/wp-json\/wp\/v2\/product\/3453"}],"collection":[{"href":"https:\/\/klimanano.si\/de\/wp-json\/wp\/v2\/product"}],"about":[{"href":"https:\/\/klimanano.si\/de\/wp-json\/wp\/v2\/types\/product"}],"wp:featuredmedia":[{"embeddable":true,"href":"https:\/\/klimanano.si\/de\/wp-json\/wp\/v2\/media\/3458"}],"wp:attachment":[{"href":"https:\/\/klimanano.si\/de\/wp-json\/wp\/v2\/media?parent=3453"}],"wp:term":[{"taxonomy":"product_cat","embeddable":true,"href":"https:\/\/klimanano.si\/de\/wp-json\/wp\/v2\/product_cat?post=3453"},{"taxonomy":"product_tag","embeddable":true,"href":"https:\/\/klimanano.si\/de\/wp-json\/wp\/v2\/product_tag?post=3453"}],"curies":[{"name":"wp","href":"https:\/\/api.w.org\/{rel}","templated":true}]}}