{"id":3490,"date":"2016-11-15T11:18:05","date_gmt":"2016-11-15T11:18:05","guid":{"rendered":"http:\/\/klimanano.si\/?post_type=product&#038;p=3490&#038;lang=de"},"modified":"2020-10-30T07:30:40","modified_gmt":"2020-10-30T07:30:40","slug":"daikin-fhq-2","status":"publish","type":"product","link":"https:\/\/klimanano.si\/de\/izdelki\/daikin-fhq-2\/","title":{"rendered":"Daikin FHQ"},"content":{"rendered":"<p><span class=\"VIiyi\" lang=\"sl\"><span class=\"JLqJ4b ChMk0b\" data-language-for-alternatives=\"sl\" data-language-to-translate-into=\"auto\" data-phrase-index=\"0\">Sie verlangt keine abgeh\u00e4ngte Decke, spart aber trotzdem Platz auf der Wand.<\/span><\/span><\/p>\n<p><a href=\"http:\/\/klimanano.si\/wp-content\/uploads\/2016\/10\/deljeni-sistemi-2016-2017.pdf\" rel=\"\">Katalog deljeni sistemi 2016 &#8211; 2017<\/a><\/p>\n<p><a href=\"http:\/\/klimanano.si\/wp-content\/uploads\/2016\/10\/FHQ-C-prirocnik-za-uporabo.pdf\" rel=\"\">FHQ-C Priro\u010dnik za uporabo<\/a><\/p>","protected":false},"excerpt":{"rendered":"<p>Ne zahteva spu\u0161\u010denega stropa, kljub temu prihrani prostor na steni. Katalog deljeni sistemi 2016 &#8211; 2017 FHQ-C Priro\u010dnik za uporabo<\/p>","protected":false},"featured_media":3423,"template":"","meta":{"_monsterinsights_skip_tracking":false,"_monsterinsights_sitenote_active":false,"_monsterinsights_sitenote_note":"","_monsterinsights_sitenote_category":0},"product_cat":[24,34],"product_tag":[],"_links":{"self":[{"href":"https:\/\/klimanano.si\/de\/wp-json\/wp\/v2\/product\/3490"}],"collection":[{"href":"https:\/\/klimanano.si\/de\/wp-json\/wp\/v2\/product"}],"about":[{"href":"https:\/\/klimanano.si\/de\/wp-json\/wp\/v2\/types\/product"}],"wp:featuredmedia":[{"embeddable":true,"href":"https:\/\/klimanano.si\/de\/wp-json\/wp\/v2\/media\/3423"}],"wp:attachment":[{"href":"https:\/\/klimanano.si\/de\/wp-json\/wp\/v2\/media?parent=3490"}],"wp:term":[{"taxonomy":"product_cat","embeddable":true,"href":"https:\/\/klimanano.si\/de\/wp-json\/wp\/v2\/product_cat?post=3490"},{"taxonomy":"product_tag","embeddable":true,"href":"https:\/\/klimanano.si\/de\/wp-json\/wp\/v2\/product_tag?post=3490"}],"curies":[{"name":"wp","href":"https:\/\/api.w.org\/{rel}","templated":true}]}}