{"id":3495,"date":"2016-11-15T11:30:36","date_gmt":"2016-11-15T11:30:36","guid":{"rendered":"http:\/\/klimanano.si\/?post_type=product&#038;p=3495&#038;lang=de"},"modified":"2020-10-30T07:09:56","modified_gmt":"2020-10-30T07:09:56","slug":"daikin-ffq-c-2","status":"publish","type":"product","link":"https:\/\/klimanano.si\/de\/izdelki\/daikin-ffq-c-2\/","title":{"rendered":"Daikin FFQ-C"},"content":{"rendered":"<p>Kasetna, vgradna enota, prirejena za vgradnjo v standardni spu\u0161\u010deni strop z dimenzijo odprtine EURO 600mm x 600mm. Enota se popolnoma prilega v eno stropno plo\u0161\u010do brez prekrivanja. Gre za popolnoma ravno enoto, tako da je maska popolnoma poravnana s stropom.<\/p>\n<p><a href=\"http:\/\/klimanano.si\/wp-content\/uploads\/2016\/10\/Navodila-za-uporabo-FFQ-C.pdf\" rel=\"\">Navodila za uporabo<\/a><\/p>\n<p><a href=\"http:\/\/klimanano.si\/wp-content\/uploads\/2016\/10\/ECPSL13-107.pdf\" rel=\"\">Popolnoma ploska kaseta<\/a><\/p>","protected":false},"excerpt":{"rendered":"<p>Kasetna, vgradna enota, prirejena za vgradnjo v standardni spu\u0161\u010deni strop z dimenzijo odprtine EURO 600mm x 600mm. Enota se popolnoma prilega v eno stropno plo\u0161\u010do brez prekrivanja. Gre za popolnoma ravno enoto, tako da je maska popolnoma poravnana s stropom. Navodila za uporabo Popolnoma ploska kaseta<\/p>","protected":false},"featured_media":3405,"template":"","meta":{"_monsterinsights_skip_tracking":false,"_monsterinsights_sitenote_active":false,"_monsterinsights_sitenote_note":"","_monsterinsights_sitenote_category":0},"product_cat":[33,24],"product_tag":[],"_links":{"self":[{"href":"https:\/\/klimanano.si\/de\/wp-json\/wp\/v2\/product\/3495"}],"collection":[{"href":"https:\/\/klimanano.si\/de\/wp-json\/wp\/v2\/product"}],"about":[{"href":"https:\/\/klimanano.si\/de\/wp-json\/wp\/v2\/types\/product"}],"wp:featuredmedia":[{"embeddable":true,"href":"https:\/\/klimanano.si\/de\/wp-json\/wp\/v2\/media\/3405"}],"wp:attachment":[{"href":"https:\/\/klimanano.si\/de\/wp-json\/wp\/v2\/media?parent=3495"}],"wp:term":[{"taxonomy":"product_cat","embeddable":true,"href":"https:\/\/klimanano.si\/de\/wp-json\/wp\/v2\/product_cat?post=3495"},{"taxonomy":"product_tag","embeddable":true,"href":"https:\/\/klimanano.si\/de\/wp-json\/wp\/v2\/product_tag?post=3495"}],"curies":[{"name":"wp","href":"https:\/\/api.w.org\/{rel}","templated":true}]}}