{"id":3499,"date":"2016-11-15T11:45:42","date_gmt":"2016-11-15T11:45:42","guid":{"rendered":"http:\/\/klimanano.si\/?post_type=product&#038;p=3499&#038;lang=de"},"modified":"2020-10-29T10:30:29","modified_gmt":"2020-10-29T10:30:29","slug":"daikin-ftxz-n-ururu-sarara","status":"publish","type":"product","link":"https:\/\/klimanano.si\/de\/izdelki\/daikin-ftxz-n-ururu-sarara\/","title":{"rendered":"Daikin FTXZ-N Ururu Sarara"},"content":{"rendered":"<p>Das Technologisch am besten vollendete Klimager\u00e4t erm\u00f6glicht Ihnen eine 3D Luftzirkulation, Luftreinigung mit Flash Streamer Technologie, die M\u00f6glichkeit von Befeuchtung, die M\u00f6glichkeit von Frischluft zufuhr, selbst\u00e4ndige Filterreinigung und noch vieles mehr.<\/p>\n<p>Ab 2.536 \u20ac (Preis abh\u00e4ngig von Leistung, Installation ...). Der Preis beinhaltet den Innenraum im Au\u00dfenger\u00e4t.<\/p>\n<p><a href=\"http:\/\/klimanano.si\/wp-content\/uploads\/2016\/10\/stenska-enota-ururu-sarara.pdf\" target=\"_blank\" rel=\"noopener noreferrer\">Ururu Sarara<\/a><\/p>\n<p><a href=\"http:\/\/klimanano.si\/wp-content\/uploads\/2016\/10\/FTXZ-N-Ururu-Sarara-navodila-za-uporabo.pdf\" target=\"_blank\" rel=\"noopener noreferrer\">Manual FTXT-N Ururu Sarara<\/a><\/p>","protected":false},"excerpt":{"rendered":"<p>Tehnolo\u0161ko najbolj dovr\u0161ena klimatska naprava vam omogo\u010da 3D kro\u017eenje zraka, \u010di\u0161\u010denje zraka s tehnologijo Flash Streamer, mo\u017enost vla\u017eenja, mo\u017enost dovoda sve\u017eega zraka, neodvisno \u010di\u0161\u010denje filtra in \u0161e veliko ve\u010d. \u017de od 2.536 \u20ac (cena je odvisna od mo\u010di, monta\u017ee&#8230;). Cena vklju\u010duje notranjo in zunanjo enoto. Ururu Sarara Manual FTXT-N Ururu Sarara<\/p>","protected":false},"featured_media":3381,"template":"","meta":{"_monsterinsights_skip_tracking":false,"_monsterinsights_sitenote_active":false,"_monsterinsights_sitenote_note":"","_monsterinsights_sitenote_category":0},"product_cat":[24,31],"product_tag":[],"_links":{"self":[{"href":"https:\/\/klimanano.si\/de\/wp-json\/wp\/v2\/product\/3499"}],"collection":[{"href":"https:\/\/klimanano.si\/de\/wp-json\/wp\/v2\/product"}],"about":[{"href":"https:\/\/klimanano.si\/de\/wp-json\/wp\/v2\/types\/product"}],"wp:featuredmedia":[{"embeddable":true,"href":"https:\/\/klimanano.si\/de\/wp-json\/wp\/v2\/media\/3381"}],"wp:attachment":[{"href":"https:\/\/klimanano.si\/de\/wp-json\/wp\/v2\/media?parent=3499"}],"wp:term":[{"taxonomy":"product_cat","embeddable":true,"href":"https:\/\/klimanano.si\/de\/wp-json\/wp\/v2\/product_cat?post=3499"},{"taxonomy":"product_tag","embeddable":true,"href":"https:\/\/klimanano.si\/de\/wp-json\/wp\/v2\/product_tag?post=3499"}],"curies":[{"name":"wp","href":"https:\/\/api.w.org\/{rel}","templated":true}]}}