{"id":3503,"date":"2016-11-15T11:51:56","date_gmt":"2016-11-15T11:51:56","guid":{"rendered":"http:\/\/klimanano.si\/?post_type=product&#038;p=3503&#038;lang=de"},"modified":"2020-10-29T10:57:39","modified_gmt":"2020-10-29T10:57:39","slug":"daikin-emura-ftxj-m-r32","status":"publish","type":"product","link":"https:\/\/klimanano.si\/de\/izdelki\/daikin-emura-ftxj-m-r32\/","title":{"rendered":"Daikin Emura FTXJ-M R32"},"content":{"rendered":"<p>Ger\u00e4t mit ausgezeichneter Form, am besten f\u00fcr sehr bequeme Kunden. Spitzenservice und dennoch Komfort bei minimalen Schwankungen in der Umgebung. W\u00e4hlbar in Silber oder Kristallwei\u00df. Wi-Fi-Service ist im Preis inbegriffen.<\/p>\n<p>Ab 1.372 \u20ac (Preis abh\u00e4ngig von Leistung, Installation ...). Der Preis beinhaltet den Innenraum im Au\u00dfenger\u00e4t.<\/p>\n<p>Mehr:<\/p>\n<p><a href=\"http:\/\/klimanano.si\/wp-content\/uploads\/2016\/10\/navodila-za-uporabo-FTXJ-MW_FTXJ-MS.pdf\" target=\"_blank\" rel=\"noopener noreferrer\">Manual<\/a><\/p>\n<p><a href=\"http:\/\/klimanano.si\/wp-content\/uploads\/2016\/10\/Emura-R32-letak-skupni.pdf\" target=\"_blank\" rel=\"noopener noreferrer\">Emura<\/a><\/p>","protected":false},"excerpt":{"rendered":"<p>Naprava z odli\u010dno obliko, najbolj\u0161a za zelo priro\u010dne stranke. Vrhunska storitev in hkrati udobje z minimalnimi nihanji na obmo\u010dju. Na voljo v srebrni ali kristalno beli barvi. Storitev Wi-Fi je vklju\u010dena v ceno \u017de od 1.372 \u20ac (cena je odvisna od mo\u010di, monta\u017ee\u2026). Cena vklju\u010duje notranjo in zunanjo enoto. Ve\u010d: Manual Emura<\/p>","protected":false},"featured_media":3374,"template":"","meta":{"_monsterinsights_skip_tracking":false,"_monsterinsights_sitenote_active":false,"_monsterinsights_sitenote_note":"","_monsterinsights_sitenote_category":0},"product_cat":[24,31],"product_tag":[],"_links":{"self":[{"href":"https:\/\/klimanano.si\/de\/wp-json\/wp\/v2\/product\/3503"}],"collection":[{"href":"https:\/\/klimanano.si\/de\/wp-json\/wp\/v2\/product"}],"about":[{"href":"https:\/\/klimanano.si\/de\/wp-json\/wp\/v2\/types\/product"}],"wp:featuredmedia":[{"embeddable":true,"href":"https:\/\/klimanano.si\/de\/wp-json\/wp\/v2\/media\/3374"}],"wp:attachment":[{"href":"https:\/\/klimanano.si\/de\/wp-json\/wp\/v2\/media?parent=3503"}],"wp:term":[{"taxonomy":"product_cat","embeddable":true,"href":"https:\/\/klimanano.si\/de\/wp-json\/wp\/v2\/product_cat?post=3503"},{"taxonomy":"product_tag","embeddable":true,"href":"https:\/\/klimanano.si\/de\/wp-json\/wp\/v2\/product_tag?post=3503"}],"curies":[{"name":"wp","href":"https:\/\/api.w.org\/{rel}","templated":true}]}}