{"id":3506,"date":"2016-11-15T12:19:06","date_gmt":"2016-11-15T12:19:06","guid":{"rendered":"http:\/\/klimanano.si\/?post_type=product&#038;p=3506&#038;lang=de"},"modified":"2020-10-29T11:58:44","modified_gmt":"2020-10-29T11:58:44","slug":"daikin-ftxm-m-professional-r32-2","status":"publish","type":"product","link":"https:\/\/klimanano.si\/de\/izdelki\/daikin-ftxm-m-professional-r32-2\/","title":{"rendered":"Daikin FTXM-M Professional R32"},"content":{"rendered":"<p>Diskrete moderne Form mit hochwertigen kristallwei\u00dfen Oberflache in Matter Ausf\u00fchrung mit zarten und modernen Linien, geeignet f\u00fcr Innenarchitektur Herausforderungen. Jetzt mit K\u00fchlmittel R32 f\u00fcr noch geringeren Einfluss auf die Umwelt. Flash Streamer f\u00fchr ihre Gesundheit.<\/p>\n<p>Ab \u20ac 1.004 (Innen- und Au\u00dfenger\u00e4t, ohne Installation) - der Preis h\u00e4ngt von der Leistung ab.<\/p>\n<p>Mehr:<\/p>\n<p><a href=\"http:\/\/klimanano.si\/wp-content\/uploads\/2016\/10\/daikin-ftxm-m-navodila.pdf\" target=\"_blank\" rel=\"noopener noreferrer\">Manual Daikin FTXM-M<\/a><\/p>","protected":false},"excerpt":{"rendered":"<p>Diskretna moderna oblika z visokokakovostno kristalno belo povr\u0161ino v mat izvedbi, ne\u017ene in moderne linije, ki navdu\u0161ujejo, primerna za lepo notranjo vizualno podobo. Zdaj s hladilno teko\u010dino R32 za \u0161e manj\u0161i vpliv na okolje. Flash streamer za va\u0161e zdravje. \u017de od 1.004 \u20ac (notranja in zunanja enota, brez monta\u017ee) &#8211; cena je odvisna od mo\u010di. [&hellip;]<\/p>","protected":false},"featured_media":3362,"template":"","meta":{"_monsterinsights_skip_tracking":false,"_monsterinsights_sitenote_active":false,"_monsterinsights_sitenote_note":"","_monsterinsights_sitenote_category":0},"product_cat":[24,31],"product_tag":[],"_links":{"self":[{"href":"https:\/\/klimanano.si\/de\/wp-json\/wp\/v2\/product\/3506"}],"collection":[{"href":"https:\/\/klimanano.si\/de\/wp-json\/wp\/v2\/product"}],"about":[{"href":"https:\/\/klimanano.si\/de\/wp-json\/wp\/v2\/types\/product"}],"wp:featuredmedia":[{"embeddable":true,"href":"https:\/\/klimanano.si\/de\/wp-json\/wp\/v2\/media\/3362"}],"wp:attachment":[{"href":"https:\/\/klimanano.si\/de\/wp-json\/wp\/v2\/media?parent=3506"}],"wp:term":[{"taxonomy":"product_cat","embeddable":true,"href":"https:\/\/klimanano.si\/de\/wp-json\/wp\/v2\/product_cat?post=3506"},{"taxonomy":"product_tag","embeddable":true,"href":"https:\/\/klimanano.si\/de\/wp-json\/wp\/v2\/product_tag?post=3506"}],"curies":[{"name":"wp","href":"https:\/\/api.w.org\/{rel}","templated":true}]}}