{"id":3874,"date":"2020-03-19T12:07:16","date_gmt":"2020-03-19T12:07:16","guid":{"rendered":"http:\/\/klimanano.si\/?post_type=product&#038;p=3874"},"modified":"2020-10-29T20:27:44","modified_gmt":"2020-10-29T20:27:44","slug":"vrv-iv-waermerueckgewinnung-2","status":"publish","type":"product","link":"https:\/\/klimanano.si\/de\/izdelki\/vrv-iv-waermerueckgewinnung-2\/","title":{"rendered":"VRV IV-W\u00e4rmer\u00fcckgewinnung"},"content":{"rendered":"<ul>\n<li>Effizienz und Komfort der Spitzenklasse<\/li>\n<li>W\u00e4rmer\u00fcckgewinnungstechnologie realisiert mit Hilfe zur\u00fcckgewonnener Energie freie Heizung und freie Warmwasserbereitung<\/li>\n<li>Gleichzeitiges Heizen und K\u00fchlen f\u00fcr maximalen Komfort<\/li>\n<li>W\u00e4rmer\u00fcckgewinnung\u00a0\u00fcbertr\u00e4gt die an zu k\u00fchlenden Orten extrahierte W\u00e4rmeenergie an Orte, an denen Warmwasser oder Heizen ben\u00f6tigt wird.<\/li>\n<li>Variable K\u00e4ltemitteltechnologie\u00a0passt die K\u00e4ltemitteltemperatur automatisch an die Last an und sorgt so f\u00fcr einen optimalen Komfort und eine Erh\u00f6hung der saisonalen Effizienz um bis zu 28\u00a0% im Vergleich zu anderen L\u00f6sungen.<\/li>\n<li>Das\u00a0einzigartige Design\u00a0des W\u00e4rmetauschers ist auf maximale saisonale Effizienz ausgerichtet.<\/li>\n<li>Die originale\u00a0Technologie mit 3\u00a0Leitungen\u00a0erh\u00f6ht die Energieeffizienz w\u00e4hrend des W\u00e4rmer\u00fcckgewinnungsbetriebs.<\/li>\n<\/ul>\n<p><a href=\"http:\/\/klimanano.si\/wp-content\/uploads\/2020\/03\/200-VRV-product-catalogue-for-professionals.pdf\">200 &#8211; VRV product catalogue for professionals<\/a><a href=\"http:\/\/heatandcool.si\/wp-content\/uploads\/2016\/06\/talna-mala-1.pdf\" rel=\"\"> (from Daikin)<\/a><\/p>","protected":false},"excerpt":{"rendered":"<p>Vodilna u\u010dinkovitost in udobje Tehnologija vra\u010danja toplote vnovi\u010d izkori\u0161\u010da energijo, kar omogo\u010da brezpla\u010dno ogrevanje in proizvodnjo tople vode Hkratno ogrevanje in hlajenje za najve\u010dje udobje Vra\u010danje toplote prena\u0161a toploto z obmo\u010dij, kjer je zahtevano hlajenje, na mesta, kjer je potrebno ogrevanje ali topla voda Tehnologija spremenljive temperature hladilnega sredstva samodejno prilagaja temperaturo hladilnega sredstva v [&hellip;]<\/p>","protected":false},"featured_media":3670,"template":"","meta":{"_monsterinsights_skip_tracking":false,"_monsterinsights_sitenote_active":false,"_monsterinsights_sitenote_note":"","_monsterinsights_sitenote_category":0},"product_cat":[87],"product_tag":[],"_links":{"self":[{"href":"https:\/\/klimanano.si\/de\/wp-json\/wp\/v2\/product\/3874"}],"collection":[{"href":"https:\/\/klimanano.si\/de\/wp-json\/wp\/v2\/product"}],"about":[{"href":"https:\/\/klimanano.si\/de\/wp-json\/wp\/v2\/types\/product"}],"wp:featuredmedia":[{"embeddable":true,"href":"https:\/\/klimanano.si\/de\/wp-json\/wp\/v2\/media\/3670"}],"wp:attachment":[{"href":"https:\/\/klimanano.si\/de\/wp-json\/wp\/v2\/media?parent=3874"}],"wp:term":[{"taxonomy":"product_cat","embeddable":true,"href":"https:\/\/klimanano.si\/de\/wp-json\/wp\/v2\/product_cat?post=3874"},{"taxonomy":"product_tag","embeddable":true,"href":"https:\/\/klimanano.si\/de\/wp-json\/wp\/v2\/product_tag?post=3874"}],"curies":[{"name":"wp","href":"https:\/\/api.w.org\/{rel}","templated":true}]}}