{"id":3894,"date":"2020-03-19T12:58:25","date_gmt":"2020-03-19T12:58:25","guid":{"rendered":"http:\/\/klimanano.si\/?post_type=product&#038;p=3894"},"modified":"2020-10-29T19:24:29","modified_gmt":"2020-10-29T19:24:29","slug":"serija-vrv-iv-c","status":"publish","type":"product","link":"https:\/\/klimanano.si\/de\/izdelki\/serija-vrv-iv-c\/","title":{"rendered":"Baureihe VRV IV C+"},"content":{"rendered":"<ul>\n<li>Ausgelegt selbst f\u00fcr die k\u00e4ltesten Regionen<\/li>\n<li>Zuverl\u00e4ssiges Heizen bis -25\u00a0\u00b0C ohne Kompromisse bei der Effizienz<\/li>\n<li>Kompatibel mit einer Vielzahl von eleganten Innenger\u00e4ten<\/li>\n<li>Auch bei harten Au\u00dfenbedingungen: 100 % Heizleistung bis -15 \u00b0C dank neuem Verdichter mit Zwischengaseinspritzung<\/li>\n<li>Obvod za vro\u010di plin prepre\u010duje nabiranje ledu in zni\u017euje \u0161tevilo ciklov odmrzovanja<\/li>\n<li>Kompresor za vbrizgavanje pare z edinstvenim kontrolnim ventilom zagotavlja najvi\u0161jo zmogljivost ob vsakem \u010dasu celo pri nizki obremenitvi<\/li>\n<li>Auch bei harten Au\u00dfenbedingungen: 100 % Heizleistung bis -15 \u00b0C dank neuem Verdichter mit Zwischengaseinspritzung<\/li>\n<li>Beste Effizienz auch bei -25 \u00b0C Au\u00dfentemperatur<\/li>\n<li>15 % bessere Heizleistung bei hoher Luftfeuchtigkeit (2\u00b0C TK \/ 1\u00b0C FK und RH = 83 %)<\/li>\n<li>K\u00fcrzere Abtauzeiten und k\u00fcrzere Aufheizzeiten im Vergleich zur herk\u00f6mmlichen VRV W\u00e4rmepumpe<\/li>\n<li>Deckt alle W\u00e4rmeanforderungen eines Geb\u00e4udes \u00fcber einen einzigen Kontaktpunkt ab: genaue Temperaturregelung, L\u00fcftung, L\u00fcftungsger\u00e4te und T\u00fcrluftschleier<\/li>\n<li>Erf\u00fcllt VRV IV+ Standards u. a. mit diesen Technologien: variable K\u00e4ltemitteltemperatur (VRT), VRV Konfigurator, 7-Segment-Anzeige, Inverterverdichter, 4-Seiten-W\u00e4rmetauscher, k\u00e4ltemittelgek\u00fchlte Leiterplatte, DC-Ventilatormotor<\/li>\n<li>Bis zu 28 % erh\u00f6hte saisonale Effizienz<\/li>\n<li>Erf\u00fcllt heute schon ErP 2021 (LOT 21, Tier 2)<\/li>\n<li>Freie Kombination der Au\u00dfenger\u00e4te, um die Anforderungen von Installationsraum und Effizienz zu erf\u00fcllen<\/li>\n<li>Inneninstallation m\u00f6glich, dank hohem externen statischen Druck (bis zu 78,4 Pa)<\/li>\n<li>Flexible Rohrleitungen: Niveauunterschied von 30 m zwischen Innenger\u00e4ten, maximale Leitungsl\u00e4nge: 190 m, Gesamtleitungsl\u00e4nge: 500 m<\/li>\n<\/ul>","protected":false},"excerpt":{"rendered":"<p>Zasnovano tudi za najhladnej\u0161e kraje Zanesljivo ogrevanje pri temperaturah do -25 \u00b0C brez zmanj\u0161anja u\u010dinkovitosti Zdru\u017eljivo s \u0161irokim izborom sodobno oblikovanih notranjih enot Ta VRV toplotna \u010drpalka bo zagotavljala toploto za va\u0161o stavbo in najemnike tudi v najbolj ekstremnih vremenskih razmerah. Obvod za vro\u010di plin prepre\u010duje nabiranje ledu in zni\u017euje \u0161tevilo ciklov odmrzovanja Kompresor za [&hellip;]<\/p>","protected":false},"featured_media":3878,"template":"","meta":{"_monsterinsights_skip_tracking":false,"_monsterinsights_sitenote_active":false,"_monsterinsights_sitenote_note":"","_monsterinsights_sitenote_category":0},"product_cat":[87],"product_tag":[],"_links":{"self":[{"href":"https:\/\/klimanano.si\/de\/wp-json\/wp\/v2\/product\/3894"}],"collection":[{"href":"https:\/\/klimanano.si\/de\/wp-json\/wp\/v2\/product"}],"about":[{"href":"https:\/\/klimanano.si\/de\/wp-json\/wp\/v2\/types\/product"}],"wp:featuredmedia":[{"embeddable":true,"href":"https:\/\/klimanano.si\/de\/wp-json\/wp\/v2\/media\/3878"}],"wp:attachment":[{"href":"https:\/\/klimanano.si\/de\/wp-json\/wp\/v2\/media?parent=3894"}],"wp:term":[{"taxonomy":"product_cat","embeddable":true,"href":"https:\/\/klimanano.si\/de\/wp-json\/wp\/v2\/product_cat?post=3894"},{"taxonomy":"product_tag","embeddable":true,"href":"https:\/\/klimanano.si\/de\/wp-json\/wp\/v2\/product_tag?post=3894"}],"curies":[{"name":"wp","href":"https:\/\/api.w.org\/{rel}","templated":true}]}}