{"id":48,"date":"2016-03-01T08:49:25","date_gmt":"2016-03-01T08:49:25","guid":{"rendered":"http:\/\/test.kriesi.at\/travel\/?post_type=product&#038;p=48"},"modified":"2020-10-29T13:01:22","modified_gmt":"2020-10-29T13:01:22","slug":"daikin-sensira","status":"publish","type":"product","link":"https:\/\/klimanano.si\/de\/izdelki\/daikin-sensira\/","title":{"rendered":"Daikin Sensira"},"content":{"rendered":"<p>Diskrete Wandklimaanlage, die einen niedrigen Energieverbrauch und vollst\u00e4ndigen Komfort bei hoher Effizienz gew\u00e4hrleistet.<\/p>\n<ul>\n<li>Hohe Effizienz: Sensira schafft ein angenehmes Wohnklima bei gleichzeitig hervorragender Energieeffizienz.<\/li>\n<li>Die Verwendung von R-32-Gas reduziert die Umweltbelastung um 68% im Vergleich zu R-410A-Gas.<\/li>\n<li>Die Zuverl\u00e4ssigkeit des Betriebs wird durch intensive Tests jeder Klimaanlage vor Verlassen des Werks sichergestellt.<\/li>\n<li>Der oszillierende Kompressor mit Wechselrichtertechnologie bietet Energieeinsparungen, ein geringeres Risiko eines Ger\u00e4teausfalls, einen leiseren Betrieb und weniger Vibrationen.<\/li>\n<li>Mit einem leisen Betrieb von bis zu 21 dB (A) ist die Klimaanlage fast unh\u00f6rbar und sorgt f\u00fcr einen ruhigen Schlaf.<\/li>\n<li>Einfache Bedienung: Mit dem \u201eDaikin Online Controller\u201c k\u00f6nnen Sie Heizen und K\u00fchlen von \u00fcberall aus einstellen, bedienen und \u00fcberwachen. Verbinden Sie das Ger\u00e4t mit einem Wi-Fi-Netzwerk und laden Sie die Anwendung herunter.<\/li>\n<li>Die Wi-Fi-Steuerung ist als Zubeh\u00f6r erh\u00e4ltlich.<\/li>\n<\/ul>\n<p>Der Controller bietet:<\/p>\n<ul>\n<li>eine \u00dcbersicht \u00fcber den Betrieb und die Verwaltung von bis zu 50 Einheiten in Ihrem Haus,<\/li>\n<li>\u00dcbersicht \u00fcber einen einzelnen Raum: Mit einem interaktiven Thermostat k\u00f6nnen Sie die Temperatur, die Betriebsart und die Reinigung von Luft und Ventilatoren in jedem Raum einstellen.<\/li>\n<li>Zeitanpassung: Erstellen Sie verschiedene Zeitpl\u00e4ne f\u00fcr bis zu 6 Aktivit\u00e4ten pro Tag an 7 Tagen in der Woche und aktivieren Sie spezielle Betriebsmodi.<\/li>\n<li>Energieverbrauch: Mit einem Grafikdisplay erhalten Sie einen \u00dcberblick dar\u00fcber, wo Sie Energie sparen und somit sparen k\u00f6nnen,<\/li>\n<li>\u201eWenn ja, dann ja\u201c: Sie k\u00f6nnen die Klimaanlage so programmieren, dass sie Ihrem Lebensstil entspricht.<\/li>\n<\/ul>\n<p>&nbsp;<\/p>\n<table border=\"1\" cellspacing=\"0\" cellpadding=\"0\" align=\"left\">\n<tbody>\n<tr>\n<td valign=\"top\">Modell<\/td>\n<td valign=\"top\">Innenger\u00e4t<br \/>\nAu\u00dfenger\u00e4t<\/td>\n<td valign=\"top\">FTXF25A<br \/>\nRXF25A<\/td>\n<td valign=\"top\">FTXF35A<br \/>\nRXF35A<\/td>\n<td valign=\"top\">FTXF50A<br \/>\nRXF50A<\/td>\n<\/tr>\n<tr>\n<td valign=\"top\">Energieversorgung<\/td>\n<td valign=\"top\">AC1Ph220-230V 50Hz<\/td>\n<\/tr>\n<tr>\n<td valign=\"top\">K\u00fchlleistung<\/td>\n<td valign=\"top\">Nom.(min.-max.) KW<\/td>\n<td valign=\"top\">2.5 (1.3-3.0)<\/td>\n<td valign=\"top\">3.3 (1.3-3.8)<\/td>\n<td valign=\"top\">5.0 (1.7-6.0)<\/td>\n<\/tr>\n<tr>\n<td valign=\"top\">Heizleistung<\/td>\n<td valign=\"top\">Nom.(min.-max.) KW<\/td>\n<td valign=\"top\">2.8 (1.3-4.0)<\/td>\n<td valign=\"top\">3.5 (1.3-4.8)<\/td>\n<td valign=\"top\">6.0 (1.7-7.7)<\/td>\n<\/tr>\n<tr>\n<td valign=\"top\">Energieverbrauch<\/td>\n<td valign=\"top\"><\/td>\n<\/tr>\n<tr>\n<td valign=\"top\">In der K\u00fchlung<\/td>\n<td valign=\"top\">Nom.(min.-max.) KW<\/td>\n<td valign=\"top\">0.76(0.31-1.05)<\/td>\n<td valign=\"top\">1.00(0.29-1.30)<\/td>\n<td valign=\"top\">1.50(0.32-1.83)<\/td>\n<\/tr>\n<tr>\n<td valign=\"top\">Beim Heizen<\/td>\n<td valign=\"top\">Nom.(min.-max.) KW<\/td>\n<td valign=\"top\">0.70(0.25-1.11)<\/td>\n<td valign=\"top\">0.94(0.29-1.29)<\/td>\n<td valign=\"top\">1.62(0.44-2.36)<\/td>\n<\/tr>\n<tr>\n<td valign=\"top\">SEER K\u00fchlung<\/td>\n<td valign=\"top\"><\/td>\n<td valign=\"top\">6.22\/A++<\/td>\n<td valign=\"top\">6.21\/A++<\/td>\n<td valign=\"top\">6.21\/A++<\/td>\n<\/tr>\n<tr>\n<td valign=\"top\">SCOP Heizung<\/td>\n<td valign=\"top\"><\/td>\n<td valign=\"top\">4.06\/A+<\/td>\n<td valign=\"top\">4.06\/A+<\/td>\n<td valign=\"top\">4.06\/A+<\/td>\n<\/tr>\n<tr>\n<td valign=\"top\">Schalldruck-Innenger\u00e4t<\/td>\n<td valign=\"top\"><\/td>\n<\/tr>\n<tr>\n<td valign=\"top\">K\u00fchlung<\/td>\n<td valign=\"top\">dB(A)<\/td>\n<td valign=\"top\">40\/26\/20<\/td>\n<td valign=\"top\">43\/27\/20<\/td>\n<td valign=\"top\">43\/34\/31<\/td>\n<\/tr>\n<tr>\n<td valign=\"top\">Die Heizung<\/td>\n<td valign=\"top\">dB(A)<\/td>\n<td valign=\"top\">40\/29\/21<\/td>\n<td valign=\"top\">40\/29\/21<\/td>\n<td valign=\"top\">42\/33\/30<\/td>\n<\/tr>\n<tr>\n<td valign=\"top\">Schalldruck-Au\u00dfenger\u00e4t<\/td>\n<td valign=\"top\"><\/td>\n<\/tr>\n<tr>\n<td valign=\"top\">K\u00fchlung<\/td>\n<td valign=\"top\">dB(A)<\/td>\n<td valign=\"top\">46<\/td>\n<td valign=\"top\">48<\/td>\n<td valign=\"top\">47<\/td>\n<\/tr>\n<tr>\n<td valign=\"top\">Die Heizung<\/td>\n<td valign=\"top\">dB(A)<\/td>\n<td valign=\"top\">47<\/td>\n<td valign=\"top\">48<\/td>\n<td valign=\"top\">49<\/td>\n<\/tr>\n<tr>\n<td valign=\"top\">Abmessungen der Inneneinheit<\/td>\n<td valign=\"top\">VxDxG mm<\/td>\n<td valign=\"top\">286x770x225<\/td>\n<td valign=\"top\">286x770x225<\/td>\n<td valign=\"top\">295x990x263<\/td>\n<\/tr>\n<tr>\n<td valign=\"top\">Gewicht der Inneneinheit<\/td>\n<td valign=\"top\">kg<\/td>\n<td valign=\"top\">9<\/td>\n<td valign=\"top\">9<\/td>\n<td valign=\"top\">13.5<\/td>\n<\/tr>\n<tr>\n<td valign=\"top\">Abmessungen des Au\u00dfenger\u00e4ts<\/td>\n<td valign=\"top\">VxDxG mm<\/td>\n<td valign=\"top\">550x658x275<\/td>\n<td valign=\"top\">550x658x275<\/td>\n<td valign=\"top\">735x825x300<\/td>\n<\/tr>\n<tr>\n<td valign=\"top\">Gewicht Au\u00dfenger\u00e4t<\/td>\n<td valign=\"top\">kg<\/td>\n<td valign=\"top\">28<\/td>\n<td valign=\"top\">28<\/td>\n<td valign=\"top\">47<\/td>\n<\/tr>\n<tr>\n<td valign=\"top\">Kompressor<\/td>\n<td valign=\"top\">vrsta<\/td>\n<td valign=\"top\">DC Scroll<\/td>\n<td valign=\"top\">DC Scroll<\/td>\n<td valign=\"top\">DC Scroll<\/td>\n<\/tr>\n<tr>\n<td valign=\"top\">Rohrverbindungen (fl\u00fcssige Phase)<\/td>\n<td valign=\"top\">mm(in)<\/td>\n<td valign=\"top\">6.35 (1\/4)<\/td>\n<td valign=\"top\">6.35 (1\/4)<\/td>\n<td valign=\"top\">6.35(1\/4)<\/td>\n<\/tr>\n<tr>\n<td valign=\"top\">Rohranschl\u00fcsse (Gasphase)<\/td>\n<td valign=\"top\">mm(in)<\/td>\n<td valign=\"top\">9.52 (3\/8)<\/td>\n<td valign=\"top\">9.52 (3\/8)<\/td>\n<td valign=\"top\">12.7(1\/2)<\/td>\n<\/tr>\n<\/tbody>\n<\/table>\n<p>&nbsp;<\/p>","protected":false},"excerpt":{"rendered":"<p>Diskretna stenska klimatska naprava, ki z visoko u\u010dinkovitostjo zagotavlja nizko porabo energije in popolno udobje. Visoka u\u010dinkovitost: Sensira ustvarja udobno bivanjsko klimo, obenem pa zagotavlja odli\u010dno energijsko u\u010dinkovitost. Uporaba plina R-32 zmanj\u0161a vplive na okolje za 68 % v primerjavi s plinom R-410A. Zanesljivost delovanja je zagotavljano z intenzivnimi testiranji vsake klimatske naprave, preden le-ta [&hellip;]<\/p>","protected":false},"featured_media":3564,"template":"","meta":{"_monsterinsights_skip_tracking":false,"_monsterinsights_sitenote_active":false,"_monsterinsights_sitenote_note":"","_monsterinsights_sitenote_category":0},"product_cat":[24,31],"product_tag":[11],"_links":{"self":[{"href":"https:\/\/klimanano.si\/de\/wp-json\/wp\/v2\/product\/48"}],"collection":[{"href":"https:\/\/klimanano.si\/de\/wp-json\/wp\/v2\/product"}],"about":[{"href":"https:\/\/klimanano.si\/de\/wp-json\/wp\/v2\/types\/product"}],"wp:featuredmedia":[{"embeddable":true,"href":"https:\/\/klimanano.si\/de\/wp-json\/wp\/v2\/media\/3564"}],"wp:attachment":[{"href":"https:\/\/klimanano.si\/de\/wp-json\/wp\/v2\/media?parent=48"}],"wp:term":[{"taxonomy":"product_cat","embeddable":true,"href":"https:\/\/klimanano.si\/de\/wp-json\/wp\/v2\/product_cat?post=48"},{"taxonomy":"product_tag","embeddable":true,"href":"https:\/\/klimanano.si\/de\/wp-json\/wp\/v2\/product_tag?post=48"}],"curies":[{"name":"wp","href":"https:\/\/api.w.org\/{rel}","templated":true}]}}