{"id":652,"date":"2016-05-12T17:30:02","date_gmt":"2016-05-12T17:30:02","guid":{"rendered":"http:\/\/fabrikagym.com\/tadej\/heatandcool\/?post_type=product&#038;p=652"},"modified":"2020-10-30T08:21:04","modified_gmt":"2020-10-30T08:21:04","slug":"daikin-altherma-ht-2","status":"publish","type":"product","link":"https:\/\/klimanano.si\/de\/izdelki\/daikin-altherma-ht-2\/","title":{"rendered":"Daikin Altherma HT"},"content":{"rendered":"<p>Freistehende Luft-Wasser-W\u00e4rmepumpe zum Heizen und Warmwasser selbst, die mit vorhandenen Heizk\u00f6rpern kombiniert werden kann.<\/p>\n<ul>\n<li>Das energieeffiziente Heizsystem basiert auf der Luft-Wasser-W\u00e4rmepumpentechnologie.<\/li>\n<li>Verwendung bei hohen Temperaturen: bis zu 80 \u00b0 C ohne elektrische Heizung.<\/li>\n<li>Einfacher Austausch eines vorhandenen Kessels ohne Austausch des Heizungsrohrs.<\/li>\n<li>M\u00f6glichkeit der Kombination mit Hochtemperaturheizk\u00f6rpern.\nNiedrige Energiekosten und geringe CO2-Emissionen.<\/li>\n<li>Niedrige Energiekosten und geringe CO2-Emissionen.<\/li>\n<li>Inverter-Scroll-Kompressor.<\/li>\n<li>Das Au\u00dfenger\u00e4t entzieht der Au\u00dfenluft auch bei -20 \u00b0 C W\u00e4rme<\/li>\n<\/ul>\n<p>Viskotemperaturna toplotna \u010drpalka zrak\/voda je namenjena zagotavljanju energije za nove kakor tudi stare ogrevalne sistem kjer potrebujemo visokotemperaturni re\u017eim ogrevanje. Toplotna \u010drpalka nam omogo\u010da doseganje temperature ogrevane vode do 80C tudi pri ekstremnih zunanjih temperaturah -20C. S tem omogo\u010damo zadostno koli\u010dino energije in visoke temperature za ogrevanje objekta z radiatorskim ogrevalnim  sistemom, talnim ogrevalnim sistemom ali kombinacijo obeh<\/p>\n<p>Das Au\u00dfenger\u00e4t ist kompakt und einfach zu installieren. Wir haben einphasige Ger\u00e4te mit einem Leistungsbereich von 11 kW bis 16 kW und dreiphasige Ger\u00e4te mit einem Leistungsbereich von 11 kW bis 16 kW. Das Au\u00dfenger\u00e4t nimmt die W\u00e4rme der Au\u00dfenluft auf und erh\u00f6ht die Temperatur auf ein Niveau, das eine Erw\u00e4rmung erm\u00f6glicht. Diese W\u00e4rme wird dann - \u00fcber die K\u00e4ltemittelleitung, die nat\u00fcrlich nie gefriert - an das Innenger\u00e4t \u00fcbertragen. Von hier aus gelangt die W\u00e4rme (bis zu 80 \u00b0 C) zu den Heizk\u00f6rpern, der Fu\u00dfbodenheizung oder einer Kombination davon.<\/p>\n<p>Das Innenger\u00e4t ist kompakt und einfach zu installieren. Wir haben Ger\u00e4te mit einem Warmwasserbereiter (auf oder neben dem Innenger\u00e4t) zur Aufbereitung von Sanit\u00e4rwasser mit einem 200l- oder 260l-Tank oder nur ohne diesen bei einem vorhandenen Warmwasserbereiter. Daikins einzigartiger Kaskadenkompressor-Ansatz f\u00fcr W\u00e4rmepumpen (einer im Au\u00dfenger\u00e4t \/ einer im Innenger\u00e4t) bietet uns einen hohen COP, da der andere Kompressor nicht eingeschaltet wird, wenn er nicht ben\u00f6tigt wird.<\/p>\n<p><strong>Es ist geeignet f\u00fcr:<\/strong><br \/>\n\u2022 Geb\u00e4udeheizung und Aufbereitung von Sanit\u00e4rwasser ausschlie\u00dflich mit Warmwasser<br \/>\n\u2022 Beheizung des Geb\u00e4udes und Aufbereitung von Sanit\u00e4rwasser in Kombination des HPP mit dem vorhandenen Kessel<br \/>\n\u2022 Beheizung des Geb\u00e4udes, Aufbereitung von Sanit\u00e4rwarmwasser und Beheizung des Pools ausschlie\u00dflich mit Warmwasser,<br \/>\n\u2022 Kombination aus Geb\u00e4udeheizung und Warmwasserbereitung mit HPP synchronisiert mit dem Sonnensystem<\/p>\n<p><strong>Die W\u00e4rmepumpe erreicht extrem hohe COP-Faktoren aufgrund von:<\/strong><br \/>\n\u2022 Intelligente Kaskadensteuerung mit zwei internen Freon-Schaltkreisen und zwei Kompressoren (Low-Circuit, High-Circuit),<br \/>\n\u2022 Wechselrichtertechnologien beider Kompressoren.<\/p>\n<p><a href=\"http:\/\/klimanano.si\/wp-content\/uploads\/2016\/05\/Altherma-HT-B2C.pdf\">Daikin Altherma HT &#8211; bro\u0161ura<\/a><\/p>\n<p><a href=\"http:\/\/klimanano.si\/wp-content\/uploads\/2016\/05\/EKHBRD-ADV1_ADY1_4PSL402192-1A_OM_Operation-Manuals_Slovenian.pdf\">Navodila za uporabo Daikin Altherma HT<\/a><\/p>","protected":false},"excerpt":{"rendered":"<p>Samostoje\u010da toplotna \u010drpalka zrak-voda za samo ogrevanje in toplo vodo, ki jo je mogo\u010de kombinirati z obstoje\u010dimi radiatorji. Energetsko u\u010dinkoviti sistem ogrevanja temelji na\u00a0tehnologiji toplotne \u010drpalke zrak-voda. Visokotemperaturna uporaba: do 80 \u00b0C brez elektri\u010dnega grelnika. Preprosta zamenjava obstoje\u010dega kotla brez zamenjave cevi za ogrevanje. Mo\u017enost kombiniranja z visokotemperaturnimi radiatorji. Nizki stro\u0161ki za energijo in nizki [&hellip;]<\/p>","protected":false},"featured_media":3584,"template":"","meta":{"_monsterinsights_skip_tracking":false,"_monsterinsights_sitenote_active":false,"_monsterinsights_sitenote_note":"","_monsterinsights_sitenote_category":0},"product_cat":[25,29],"product_tag":[],"_links":{"self":[{"href":"https:\/\/klimanano.si\/de\/wp-json\/wp\/v2\/product\/652"}],"collection":[{"href":"https:\/\/klimanano.si\/de\/wp-json\/wp\/v2\/product"}],"about":[{"href":"https:\/\/klimanano.si\/de\/wp-json\/wp\/v2\/types\/product"}],"wp:featuredmedia":[{"embeddable":true,"href":"https:\/\/klimanano.si\/de\/wp-json\/wp\/v2\/media\/3584"}],"wp:attachment":[{"href":"https:\/\/klimanano.si\/de\/wp-json\/wp\/v2\/media?parent=652"}],"wp:term":[{"taxonomy":"product_cat","embeddable":true,"href":"https:\/\/klimanano.si\/de\/wp-json\/wp\/v2\/product_cat?post=652"},{"taxonomy":"product_tag","embeddable":true,"href":"https:\/\/klimanano.si\/de\/wp-json\/wp\/v2\/product_tag?post=652"}],"curies":[{"name":"wp","href":"https:\/\/api.w.org\/{rel}","templated":true}]}}