{"id":4249,"date":"2020-10-30T21:42:19","date_gmt":"2020-10-30T21:42:19","guid":{"rendered":"https:\/\/klimanano.si\/?page_id=4249"},"modified":"2020-10-30T21:45:25","modified_gmt":"2020-10-30T21:45:25","slug":"prezracevanje","status":"publish","type":"page","link":"https:\/\/klimanano.si\/sl\/prezracevanje\/","title":{"rendered":"Prezra\u010devanje"},"content":{"rendered":"\t\t<div data-elementor-type=\"wp-page\" data-elementor-id=\"4249\" class=\"elementor elementor-4249\">\n\t\t\t\t\t\t<div class=\"elementor-inner\">\n\t\t\t\t<div class=\"elementor-section-wrap\">\n\t\t\t\t\t\t\t\t\t<section class=\"elementor-section elementor-top-section elementor-element elementor-element-d4502b7 elementor-section-stretched elementor-section-boxed elementor-section-height-default elementor-section-height-default elementor-invisible\" data-id=\"d4502b7\" data-element_type=\"section\" data-settings=\"{&quot;background_background&quot;:&quot;classic&quot;,&quot;stretch_section&quot;:&quot;section-stretched&quot;,&quot;animation&quot;:&quot;fadeIn&quot;}\">\n\t\t\t\t\t\t\t<div class=\"elementor-background-overlay\"><\/div>\n\t\t\t\t\t\t\t<div class=\"elementor-container elementor-column-gap-default\">\n\t\t\t\t\t\t\t<div class=\"elementor-row\">\n\t\t\t\t\t<div class=\"elementor-column elementor-col-100 elementor-top-column elementor-element elementor-element-0d56673\" data-id=\"0d56673\" data-element_type=\"column\" data-settings=\"{&quot;background_background&quot;:&quot;classic&quot;}\">\n\t\t\t<div class=\"elementor-column-wrap elementor-element-populated\">\n\t\t\t\t\t\t\t<div class=\"elementor-widget-wrap\">\n\t\t\t\t\t\t<section class=\"elementor-section elementor-inner-section elementor-element elementor-element-2c9a59e elementor-section-boxed elementor-section-height-default elementor-section-height-default\" data-id=\"2c9a59e\" data-element_type=\"section\" data-settings=\"{&quot;background_background&quot;:&quot;classic&quot;}\">\n\t\t\t\t\t\t\t<div class=\"elementor-background-overlay\"><\/div>\n\t\t\t\t\t\t\t<div class=\"elementor-container elementor-column-gap-default\">\n\t\t\t\t\t\t\t<div class=\"elementor-row\">\n\t\t\t\t\t<div class=\"elementor-column elementor-col-100 elementor-inner-column elementor-element elementor-element-0a6cce5\" data-id=\"0a6cce5\" data-element_type=\"column\">\n\t\t\t<div class=\"elementor-column-wrap elementor-element-populated\">\n\t\t\t\t\t\t\t<div class=\"elementor-widget-wrap\">\n\t\t\t\t\t\t<div class=\"elementor-element elementor-element-b1c5752 elementor-invisible elementor-widget elementor-widget-heading\" data-id=\"b1c5752\" data-element_type=\"widget\" data-settings=\"{&quot;_animation&quot;:&quot;fadeInDown&quot;}\" data-widget_type=\"heading.default\">\n\t\t\t\t<div class=\"elementor-widget-container\">\n\t\t\t<h2 class=\"elementor-heading-title elementor-size-default\"><a href=\"https:\/\/klimanano.si\/sl\/izdelki-kategorija\/prezracevanje\/\">PREZRA\u010cEVANJE<\/a><\/h2>\t\t<\/div>\n\t\t\t\t<\/div>\n\t\t\t\t<div class=\"elementor-element elementor-element-5c2879c elementor-invisible elementor-widget elementor-widget-heading\" data-id=\"5c2879c\" data-element_type=\"widget\" data-settings=\"{&quot;_animation&quot;:&quot;fadeInDown&quot;,&quot;_animation_delay&quot;:500}\" data-widget_type=\"heading.default\">\n\t\t\t\t<div class=\"elementor-widget-container\">\n\t\t\t<h2 class=\"elementor-heading-title elementor-size-default\">\u017delite sve\u017e zrak? Vedno?<\/h2>\t\t<\/div>\n\t\t\t\t<\/div>\n\t\t\t\t<div class=\"elementor-element elementor-element-39bc9ba elementor-align-left elementor-invisible elementor-widget elementor-widget-button\" data-id=\"39bc9ba\" data-element_type=\"widget\" data-settings=\"{&quot;_animation&quot;:&quot;fadeInDown&quot;,&quot;_animation_delay&quot;:1000}\" data-widget_type=\"button.default\">\n\t\t\t\t<div class=\"elementor-widget-container\">\n\t\t\t\t\t<div class=\"elementor-button-wrapper\">\n\t\t\t<a href=\"https:\/\/klimanano.si\/sl\/kontakt\/\" target=\"_blank\" class=\"elementor-button-link elementor-button elementor-size-lg elementor-animation-float\" role=\"button\">\n\t\t\t\t\t\t<span class=\"elementor-button-content-wrapper\">\n\t\t\t\t\t\t<span class=\"elementor-button-text\">PI\u0160ITE NAM<\/span>\n\t\t<\/span>\n\t\t\t\t\t<\/a>\n\t\t<\/div>\n\t\t\t\t<\/div>\n\t\t\t\t<\/div>\n\t\t\t\t\t\t<\/div>\n\t\t\t\t\t<\/div>\n\t\t<\/div>\n\t\t\t\t\t\t\t\t<\/div>\n\t\t\t\t\t<\/div>\n\t\t<\/section>\n\t\t\t\t\t\t<\/div>\n\t\t\t\t\t<\/div>\n\t\t<\/div>\n\t\t\t\t\t\t\t\t<\/div>\n\t\t\t\t\t<\/div>\n\t\t<\/section>\n\t\t\t\t<section class=\"elementor-section elementor-top-section elementor-element elementor-element-7583c54 elementor-section-stretched elementor-section-boxed elementor-section-height-default elementor-section-height-default\" data-id=\"7583c54\" data-element_type=\"section\" data-settings=\"{&quot;background_background&quot;:&quot;classic&quot;,&quot;stretch_section&quot;:&quot;section-stretched&quot;}\">\n\t\t\t\t\t\t<div class=\"elementor-container elementor-column-gap-default\">\n\t\t\t\t\t\t\t<div class=\"elementor-row\">\n\t\t\t\t\t<div class=\"elementor-column elementor-col-100 elementor-top-column elementor-element elementor-element-3336a03\" data-id=\"3336a03\" data-element_type=\"column\">\n\t\t\t<div class=\"elementor-column-wrap elementor-element-populated\">\n\t\t\t\t\t\t\t<div class=\"elementor-widget-wrap\">\n\t\t\t\t\t\t<div class=\"elementor-element elementor-element-18dc50b elementor-widget elementor-widget-spacer\" data-id=\"18dc50b\" data-element_type=\"widget\" data-widget_type=\"spacer.default\">\n\t\t\t\t<div class=\"elementor-widget-container\">\n\t\t\t\t\t<div class=\"elementor-spacer\">\n\t\t\t<div class=\"elementor-spacer-inner\"><\/div>\n\t\t<\/div>\n\t\t\t\t<\/div>\n\t\t\t\t<\/div>\n\t\t\t\t<div class=\"elementor-element elementor-element-a97fcd0 elementor-invisible elementor-widget elementor-widget-heading\" data-id=\"a97fcd0\" data-element_type=\"widget\" data-settings=\"{&quot;_animation&quot;:&quot;fadeInDown&quot;,&quot;_animation_delay&quot;:500}\" data-widget_type=\"heading.default\">\n\t\t\t\t<div class=\"elementor-widget-container\">\n\t\t\t<h2 class=\"elementor-heading-title elementor-size-default\">NUDIMO VAM<\/h2>\t\t<\/div>\n\t\t\t\t<\/div>\n\t\t\t\t<section class=\"elementor-section elementor-inner-section elementor-element elementor-element-fcbf929 elementor-section-boxed elementor-section-height-default elementor-section-height-default\" data-id=\"fcbf929\" data-element_type=\"section\" data-settings=\"{&quot;background_background&quot;:&quot;classic&quot;}\">\n\t\t\t\t\t\t<div class=\"elementor-container elementor-column-gap-default\">\n\t\t\t\t\t\t\t<div class=\"elementor-row\">\n\t\t\t\t\t<div class=\"elementor-column elementor-col-50 elementor-inner-column elementor-element elementor-element-08ee68b\" data-id=\"08ee68b\" data-element_type=\"column\" data-settings=\"{&quot;background_background&quot;:&quot;classic&quot;}\">\n\t\t\t<div class=\"elementor-column-wrap elementor-element-populated\">\n\t\t\t\t\t\t\t<div class=\"elementor-widget-wrap\">\n\t\t\t\t\t\t<div class=\"elementor-element elementor-element-3849859 elementor-widget elementor-widget-image\" data-id=\"3849859\" data-element_type=\"widget\" data-widget_type=\"image.default\">\n\t\t\t\t<div class=\"elementor-widget-container\">\n\t\t\t\t\t\t\t\t<div class=\"elementor-image\">\n\t\t\t\t\t\t\t\t\t\t\t\t<img width=\"1030\" height=\"644\" src=\"https:\/\/klimanano.si\/wp-content\/uploads\/2020\/03\/NANO-DAIKIN83-1030x644.jpg\" class=\"attachment-large size-large\" alt=\"Blauberg_Komfort_prezracevanje\" loading=\"lazy\" srcset=\"https:\/\/klimanano.si\/wp-content\/uploads\/2020\/03\/NANO-DAIKIN83-1030x644.jpg 1030w, https:\/\/klimanano.si\/wp-content\/uploads\/2020\/03\/NANO-DAIKIN83-450x281.jpg 450w, https:\/\/klimanano.si\/wp-content\/uploads\/2020\/03\/NANO-DAIKIN83-300x188.jpg 300w, https:\/\/klimanano.si\/wp-content\/uploads\/2020\/03\/NANO-DAIKIN83-768x480.jpg 768w, https:\/\/klimanano.si\/wp-content\/uploads\/2020\/03\/NANO-DAIKIN83-1536x960.jpg 1536w, https:\/\/klimanano.si\/wp-content\/uploads\/2020\/03\/NANO-DAIKIN83-2048x1280.jpg 2048w, https:\/\/klimanano.si\/wp-content\/uploads\/2020\/03\/NANO-DAIKIN83-1500x938.jpg 1500w, https:\/\/klimanano.si\/wp-content\/uploads\/2020\/03\/NANO-DAIKIN83-705x441.jpg 705w\" sizes=\"(max-width: 1030px) 100vw, 1030px\" \/>\t\t\t\t\t\t\t\t\t\t\t\t\t\t<\/div>\n\t\t\t\t\t\t<\/div>\n\t\t\t\t<\/div>\n\t\t\t\t<div class=\"elementor-element elementor-element-1201024 elementor-position-top elementor-vertical-align-top elementor-invisible elementor-widget elementor-widget-image-box\" data-id=\"1201024\" data-element_type=\"widget\" data-settings=\"{&quot;_animation&quot;:&quot;fadeInDown&quot;,&quot;_animation_delay&quot;:500}\" data-widget_type=\"image-box.default\">\n\t\t\t\t<div class=\"elementor-widget-container\">\n\t\t\t<div class=\"elementor-image-box-wrapper\"><div class=\"elementor-image-box-content\"><h3 class=\"elementor-image-box-title\"><a href=\"https:\/\/klimanano.si\/sl\/izdelki-kategorija\/prezracevanje\/centralno-prezracevanje\/\">Centralno prezra\u010devanje<\/a><\/h3><\/div><\/div>\t\t<\/div>\n\t\t\t\t<\/div>\n\t\t\t\t\t\t<\/div>\n\t\t\t\t\t<\/div>\n\t\t<\/div>\n\t\t\t\t<div class=\"elementor-column elementor-col-50 elementor-inner-column elementor-element elementor-element-926e7f7\" data-id=\"926e7f7\" data-element_type=\"column\" data-settings=\"{&quot;background_background&quot;:&quot;classic&quot;}\">\n\t\t\t<div class=\"elementor-column-wrap elementor-element-populated\">\n\t\t\t\t\t\t\t<div class=\"elementor-widget-wrap\">\n\t\t\t\t\t\t<div class=\"elementor-element elementor-element-7f5661f elementor-widget elementor-widget-image\" data-id=\"7f5661f\" data-element_type=\"widget\" data-widget_type=\"image.default\">\n\t\t\t\t<div class=\"elementor-widget-container\">\n\t\t\t\t\t\t\t\t<div class=\"elementor-image\">\n\t\t\t\t\t\t\t\t\t\t\t\t<img width=\"1030\" height=\"644\" src=\"https:\/\/klimanano.si\/wp-content\/uploads\/2020\/03\/NANO-DAIKIN82-1030x644.jpg\" class=\"attachment-large size-large\" alt=\"Blaueberg_Vento\" loading=\"lazy\" srcset=\"https:\/\/klimanano.si\/wp-content\/uploads\/2020\/03\/NANO-DAIKIN82-1030x644.jpg 1030w, https:\/\/klimanano.si\/wp-content\/uploads\/2020\/03\/NANO-DAIKIN82-450x281.jpg 450w, https:\/\/klimanano.si\/wp-content\/uploads\/2020\/03\/NANO-DAIKIN82-300x188.jpg 300w, https:\/\/klimanano.si\/wp-content\/uploads\/2020\/03\/NANO-DAIKIN82-768x480.jpg 768w, https:\/\/klimanano.si\/wp-content\/uploads\/2020\/03\/NANO-DAIKIN82-1536x960.jpg 1536w, https:\/\/klimanano.si\/wp-content\/uploads\/2020\/03\/NANO-DAIKIN82-2048x1280.jpg 2048w, https:\/\/klimanano.si\/wp-content\/uploads\/2020\/03\/NANO-DAIKIN82-1500x938.jpg 1500w, https:\/\/klimanano.si\/wp-content\/uploads\/2020\/03\/NANO-DAIKIN82-705x441.jpg 705w\" sizes=\"(max-width: 1030px) 100vw, 1030px\" \/>\t\t\t\t\t\t\t\t\t\t\t\t\t\t<\/div>\n\t\t\t\t\t\t<\/div>\n\t\t\t\t<\/div>\n\t\t\t\t<div class=\"elementor-element elementor-element-e528d61 elementor-position-top elementor-vertical-align-top elementor-invisible elementor-widget elementor-widget-image-box\" data-id=\"e528d61\" data-element_type=\"widget\" data-settings=\"{&quot;_animation&quot;:&quot;fadeInDown&quot;,&quot;_animation_delay&quot;:1000}\" data-widget_type=\"image-box.default\">\n\t\t\t\t<div class=\"elementor-widget-container\">\n\t\t\t<div class=\"elementor-image-box-wrapper\"><div class=\"elementor-image-box-content\"><h3 class=\"elementor-image-box-title\"><a href=\"https:\/\/klimanano.si\/sl\/izdelki-kategorija\/prezracevanje\/lokalno-prezracevanje-prezracevanje\/\">Lokalno prezra\u010devanje<\/a><\/h3><\/div><\/div>\t\t<\/div>\n\t\t\t\t<\/div>\n\t\t\t\t\t\t<\/div>\n\t\t\t\t\t<\/div>\n\t\t<\/div>\n\t\t\t\t\t\t\t\t<\/div>\n\t\t\t\t\t<\/div>\n\t\t<\/section>\n\t\t\t\t\t\t<\/div>\n\t\t\t\t\t<\/div>\n\t\t<\/div>\n\t\t\t\t\t\t\t\t<\/div>\n\t\t\t\t\t<\/div>\n\t\t<\/section>\n\t\t\t\t\t\t\t\t\t<\/div>\n\t\t\t<\/div>\n\t\t\t\t\t<\/div>\n\t\t","protected":false},"excerpt":{"rendered":"<p>PREZRA\u010cEVANJE \u017delite sve\u017e zrak? Vedno? PI\u0160ITE NAM NUDIMO VAM Centralno prezra\u010devanje Lokalno prezra\u010devanje<\/p>\n","protected":false},"author":3,"featured_media":0,"parent":0,"menu_order":0,"comment_status":"closed","ping_status":"closed","template":"","meta":{"_monsterinsights_skip_tracking":false,"_monsterinsights_sitenote_active":false,"_monsterinsights_sitenote_note":"","_monsterinsights_sitenote_category":0},"_links":{"self":[{"href":"https:\/\/klimanano.si\/sl\/wp-json\/wp\/v2\/pages\/4249"}],"collection":[{"href":"https:\/\/klimanano.si\/sl\/wp-json\/wp\/v2\/pages"}],"about":[{"href":"https:\/\/klimanano.si\/sl\/wp-json\/wp\/v2\/types\/page"}],"author":[{"embeddable":true,"href":"https:\/\/klimanano.si\/sl\/wp-json\/wp\/v2\/users\/3"}],"replies":[{"embeddable":true,"href":"https:\/\/klimanano.si\/sl\/wp-json\/wp\/v2\/comments?post=4249"}],"version-history":[{"count":5,"href":"https:\/\/klimanano.si\/sl\/wp-json\/wp\/v2\/pages\/4249\/revisions"}],"predecessor-version":[{"id":4254,"href":"https:\/\/klimanano.si\/sl\/wp-json\/wp\/v2\/pages\/4249\/revisions\/4254"}],"wp:attachment":[{"href":"https:\/\/klimanano.si\/sl\/wp-json\/wp\/v2\/media?parent=4249"}],"curies":[{"name":"wp","href":"https:\/\/api.w.org\/{rel}","templated":true}]}}