{"id":3336,"date":"2016-10-18T10:37:22","date_gmt":"2016-10-18T10:37:22","guid":{"rendered":"http:\/\/klimanano.si\/?post_type=product&#038;p=3336"},"modified":"2020-10-29T13:11:39","modified_gmt":"2020-10-29T13:11:39","slug":"daikin-ftxb-c-2","status":"publish","type":"product","link":"https:\/\/klimanano.si\/sl\/izdelki\/daikin-ftxb-c-2\/","title":{"rendered":"Daikin FTXB-C"},"content":{"rendered":"<p>Enota, ki ponuja ve\u010d, z vsemi funkcijami za optimalno bivalno klimo.<\/p>\n<p>\u017de od 617,00 \u20ac (brez monta\u017ee) &#8211; v ceno sta vklju\u010deni notranja in zunanja enota (cena je odvisna od mo\u010di enote).<\/p>\n<p><a href=\"http:\/\/klimanano.si\/wp-content\/uploads\/2016\/10\/stenska-klima-ftxb-c.pdf\" target=\"_blank\" rel=\"noopener noreferrer\">Stenska klima FTXB-C<\/a><\/p>\n<p><a href=\"http:\/\/klimanano.si\/wp-content\/uploads\/2016\/10\/prirocnik-za-uporabo-ftxb-c.pdf\" target=\"_blank\" rel=\"noopener noreferrer\">Priro\u010dnik za uporabo<\/a><\/p>\n","protected":false},"excerpt":{"rendered":"<p>Enota, ki ponuja ve\u010d, z vsemi funkcijami za optimalno bivalno klimo. \u017de od 617,00 \u20ac (brez monta\u017ee) &#8211; v ceno sta vklju\u010deni notranja in zunanja enota (cena je odvisna od mo\u010di enote). Stenska klima FTXB-C Priro\u010dnik za uporabo<\/p>\n","protected":false},"featured_media":3344,"template":"","meta":{"_monsterinsights_skip_tracking":false,"_monsterinsights_sitenote_active":false,"_monsterinsights_sitenote_note":"","_monsterinsights_sitenote_category":0},"product_cat":[24,31],"product_tag":[],"_links":{"self":[{"href":"https:\/\/klimanano.si\/sl\/wp-json\/wp\/v2\/product\/3336"}],"collection":[{"href":"https:\/\/klimanano.si\/sl\/wp-json\/wp\/v2\/product"}],"about":[{"href":"https:\/\/klimanano.si\/sl\/wp-json\/wp\/v2\/types\/product"}],"wp:featuredmedia":[{"embeddable":true,"href":"https:\/\/klimanano.si\/sl\/wp-json\/wp\/v2\/media\/3344"}],"wp:attachment":[{"href":"https:\/\/klimanano.si\/sl\/wp-json\/wp\/v2\/media?parent=3336"}],"wp:term":[{"taxonomy":"product_cat","embeddable":true,"href":"https:\/\/klimanano.si\/sl\/wp-json\/wp\/v2\/product_cat?post=3336"},{"taxonomy":"product_tag","embeddable":true,"href":"https:\/\/klimanano.si\/sl\/wp-json\/wp\/v2\/product_tag?post=3336"}],"curies":[{"name":"wp","href":"https:\/\/api.w.org\/{rel}","templated":true}]}}