{"id":3453,"date":"2016-10-18T17:33:55","date_gmt":"2016-10-18T17:33:55","guid":{"rendered":"http:\/\/klimanano.si\/?post_type=product&#038;p=3453"},"modified":"2020-10-30T08:01:11","modified_gmt":"2020-10-30T08:01:11","slug":"daikin-altherma-ht-3","status":"publish","type":"product","link":"https:\/\/klimanano.si\/sl\/izdelki\/daikin-altherma-ht-3\/","title":{"rendered":"Daikin Altherma HT"},"content":{"rendered":"<p>Samostoje\u010da toplotna \u010drpalka zrak-voda za samo ogrevanje, ki jo je mogo\u010de kombinirati z obstoje\u010dimi radiatorji.<\/p>\n<ul>\n<li>Energetsko u\u010dinkoviti sistem ogrevanja temelji na\u00a0tehnologiji toplotne \u010drpalke zrak-voda.<\/li>\n<li>Visokotemperaturna uporaba: do 80 \u00b0C brez elektri\u010dnega grelnika.<\/li>\n<li>Preprosta zamenjava obstoje\u010dega kotla brez zamenjave cevi za ogrevanje.<\/li>\n<li>Mo\u017enost kombiniranja z visokotemperaturnimi radiatorji.<\/li>\n<li>Nizki stro\u0161ki za energijo in nizki izpusti CO2.<\/li>\n<li>Inverterski spiralni kompresor.<\/li>\n<li>Zunanja enota \u010drpa toploto iz zunanjega zraka tudi pri \u201320 \u00b0C.<\/li>\n<\/ul>\n<p><a href=\"http:\/\/klimanano.si\/wp-content\/uploads\/2016\/10\/Altherma-HT-brosura_web.pdf\" rel=\"\">Daikin Altherma HT &#8211; bro\u0161ura<\/a><\/p>\n<p><a href=\"http:\/\/klimanano.si\/wp-content\/uploads\/2016\/10\/EKHBRD-ADV1_ADY1_4PSL402192-1A_OM_Operation-Manuals_Slovenian.pdf\" rel=\"\">Daikin Altherma HT &#8211; navodila za uporabo<\/a><\/p>\n","protected":false},"excerpt":{"rendered":"<p>Samostoje\u010da toplotna \u010drpalka zrak-voda za samo ogrevanje, ki jo je mogo\u010de kombinirati z obstoje\u010dimi radiatorji. Energetsko u\u010dinkoviti sistem ogrevanja temelji na\u00a0tehnologiji toplotne \u010drpalke zrak-voda. Visokotemperaturna uporaba: do 80 \u00b0C brez elektri\u010dnega grelnika. Preprosta zamenjava obstoje\u010dega kotla brez zamenjave cevi za ogrevanje. Mo\u017enost kombiniranja z visokotemperaturnimi radiatorji. Nizki stro\u0161ki za energijo in nizki izpusti CO2. Inverterski [&hellip;]<\/p>\n","protected":false},"featured_media":3458,"template":"","meta":{"_monsterinsights_skip_tracking":false,"_monsterinsights_sitenote_active":false,"_monsterinsights_sitenote_note":"","_monsterinsights_sitenote_category":0},"product_cat":[25],"product_tag":[],"_links":{"self":[{"href":"https:\/\/klimanano.si\/sl\/wp-json\/wp\/v2\/product\/3453"}],"collection":[{"href":"https:\/\/klimanano.si\/sl\/wp-json\/wp\/v2\/product"}],"about":[{"href":"https:\/\/klimanano.si\/sl\/wp-json\/wp\/v2\/types\/product"}],"wp:featuredmedia":[{"embeddable":true,"href":"https:\/\/klimanano.si\/sl\/wp-json\/wp\/v2\/media\/3458"}],"wp:attachment":[{"href":"https:\/\/klimanano.si\/sl\/wp-json\/wp\/v2\/media?parent=3453"}],"wp:term":[{"taxonomy":"product_cat","embeddable":true,"href":"https:\/\/klimanano.si\/sl\/wp-json\/wp\/v2\/product_cat?post=3453"},{"taxonomy":"product_tag","embeddable":true,"href":"https:\/\/klimanano.si\/sl\/wp-json\/wp\/v2\/product_tag?post=3453"}],"curies":[{"name":"wp","href":"https:\/\/api.w.org\/{rel}","templated":true}]}}