{"id":3484,"date":"2016-11-15T11:04:11","date_gmt":"2016-11-15T11:04:11","guid":{"rendered":"http:\/\/klimanano.si\/?post_type=product&#038;p=3484&#038;lang=de"},"modified":"2020-10-30T07:58:39","modified_gmt":"2020-10-30T07:58:39","slug":"daikin-altherma-hybrid-2","status":"publish","type":"product","link":"https:\/\/klimanano.si\/sl\/izdelki\/daikin-altherma-hybrid-2\/","title":{"rendered":"Daikin Altherma Hybrid"},"content":{"rendered":"<p><span class=\"VIiyi\" lang=\"sl\"><span class=\"JLqJ4b ChMk0b\" data-language-for-alternatives=\"sl\" data-language-to-translate-into=\"auto\" data-phrase-index=\"0\">Hibridna tehnologija zdru\u017euje plinski kotel s toplotno \u010drpalko zrak-voda za ogrevanje in pripravo tople vode.<\/span> <\/span><\/p>\n<ul>\n<li><span class=\"VIiyi\" lang=\"sl\"><span class=\"JLqJ4b ChMk0b\" data-language-for-alternatives=\"sl\" data-language-to-translate-into=\"auto\" data-phrase-index=\"2\">Hibridna toplotna \u010drpalka Daikin Altherma zdru\u017euje tehnologijo toplotne \u010drpalke zrak-voda s tehnologijo kondenzacijskega plinskega kotla<\/span> <\/span><\/li>\n<li><span class=\"VIiyi\" lang=\"sl\"><span class=\"JLqJ4b ChMk0b\" data-language-for-alternatives=\"sl\" data-language-to-translate-into=\"auto\" data-phrase-index=\"4\">Glede zunanje temperature, cene energije in toplotne obremenitve hibridna toplotna \u010drpalka Daikin Altherma vedno izbere naju\u010dinkovitej\u0161i na\u010din delovanja<\/span> <\/span><\/li>\n<li><span class=\"VIiyi\" lang=\"sl\"><span class=\"JLqJ4b ChMk0b\" data-language-for-alternatives=\"sl\" data-language-to-translate-into=\"auto\" data-phrase-index=\"6\">Nizki investicijski stro\u0161ki: radiatorjev in cevi ni treba zamenjati (80 \u00b0 C)<\/span> <span class=\"JLqJ4b ChMk0b\" data-language-for-alternatives=\"sl\" data-language-to-translate-into=\"auto\" data-phrase-index=\"8\">Gewehrleist\u00e4t dovolj toplote za prilagoditve, saj je na voljo do 32 kW toplotne mo\u010di<\/span> <\/span><\/li>\n<li><span class=\"VIiyi\" lang=\"sl\"><span class=\"JLqJ4b ChMk0b\" data-language-for-alternatives=\"sl\" data-language-to-translate-into=\"auto\" data-phrase-index=\"10\">Preprosta in hitra namestitev z majhnimi dimenzijami in hitrimi povezavami<\/span> <\/span><\/li>\n<li><span class=\"VIiyi\" lang=\"sl\"><span class=\"JLqJ4b ChMk0b\" data-language-for-alternatives=\"sl\" data-language-to-translate-into=\"auto\" data-phrase-index=\"12\">Zunanja enota \u010drpa toploto iz zunanjega zraka tudi pri -25 \u00b0 C<\/span><\/span><\/li>\n<\/ul>\n<p><a href=\"http:\/\/klimanano.si\/wp-content\/uploads\/2016\/10\/Altherma-Hybrid-brosure_web.pdf\" rel=\"\">Daikin Altherma Hybrid &#8211; bro\u0161ura<\/a><\/p>\n<p><a href=\"http:\/\/klimanano.si\/wp-content\/uploads\/2016\/10\/Navodila-za-uporabo-DAIKIN-Altherma-Hybrid.pdf\" rel=\"\">Navodila za uporabo &#8211; Daikin Altherma Hybrid<\/a><\/p>\n","protected":false},"excerpt":{"rendered":"<p>Hibridna tehnologija zdru\u017euje plinski kotel s toplotno \u010drpalko zrak-voda za ogrevanje in pripravo tople vode. Hibridna toplotna \u010drpalka Daikin Altherma zdru\u017euje tehnologijo toplotne \u010drpalke zrak-voda s tehnologijo kondenzacijskega plinskega kotla Glede zunanje temperature, cene energije in toplotne obremenitve hibridna toplotna \u010drpalka Daikin Altherma vedno izbere naju\u010dinkovitej\u0161i na\u010din delovanja Nizki investicijski stro\u0161ki: radiatorjev in cevi ni [&hellip;]<\/p>\n","protected":false},"featured_media":3452,"template":"","meta":{"_monsterinsights_skip_tracking":false,"_monsterinsights_sitenote_active":false,"_monsterinsights_sitenote_note":"","_monsterinsights_sitenote_category":0},"product_cat":[25],"product_tag":[],"_links":{"self":[{"href":"https:\/\/klimanano.si\/sl\/wp-json\/wp\/v2\/product\/3484"}],"collection":[{"href":"https:\/\/klimanano.si\/sl\/wp-json\/wp\/v2\/product"}],"about":[{"href":"https:\/\/klimanano.si\/sl\/wp-json\/wp\/v2\/types\/product"}],"wp:featuredmedia":[{"embeddable":true,"href":"https:\/\/klimanano.si\/sl\/wp-json\/wp\/v2\/media\/3452"}],"wp:attachment":[{"href":"https:\/\/klimanano.si\/sl\/wp-json\/wp\/v2\/media?parent=3484"}],"wp:term":[{"taxonomy":"product_cat","embeddable":true,"href":"https:\/\/klimanano.si\/sl\/wp-json\/wp\/v2\/product_cat?post=3484"},{"taxonomy":"product_tag","embeddable":true,"href":"https:\/\/klimanano.si\/sl\/wp-json\/wp\/v2\/product_tag?post=3484"}],"curies":[{"name":"wp","href":"https:\/\/api.w.org\/{rel}","templated":true}]}}