{"id":3498,"date":"2016-11-15T11:43:20","date_gmt":"2016-11-15T11:43:20","guid":{"rendered":"http:\/\/klimanano.si\/?post_type=product&#038;p=3498&#038;lang=de"},"modified":"2020-10-29T21:34:53","modified_gmt":"2020-10-29T21:34:53","slug":"daikin-fvxg-k-nexura-2","status":"publish","type":"product","link":"https:\/\/klimanano.si\/sl\/izdelki\/daikin-fvxg-k-nexura-2\/","title":{"rendered":"Daikin FVXG-K Nexura"},"content":{"rendered":"<p>Edinstvena enota s funkcijo radiatorja zaradi vgrajene konvekcijske plo\u0161\u010de. Naju\u010dinkovitej\u0161a klimatska naprava za ogrevanje in hlajenje s funkcijo radiatorja.<\/p>\n<ul>\n<li>Aluminijast del sprednje plo\u0161\u010de notranje enote Nexura se lahko ogreva, tako kot tradicionalni radiator.<\/li>\n<li>To pove\u010da udobje v hladnih dneh. Udobno, neodvisno navpi\u010dno obra\u010danje zagotavlja delovanje brez prepiha in prepre\u010duje umazanijo stropa.<\/li>\n<li>Idealno za vgradnjo pod okno, ob steno ali v ni\u0161o.<\/li>\n<li>No\u010dni na\u010din prihrani energijo s prepre\u010devanjem \u010dezmernega hlajenja ali ogrevanja pono\u010di.<\/li>\n<li>Internetni krmilnik (mo\u017enost): Z mobilnim telefonom, prenosnikom, ra\u010dunalnikom, tablico ali zaslonom na dotik lahko upravljate notranjo enoto od koder koli.<\/li>\n<\/ul>\n<p><a href=\"http:\/\/klimanano.si\/wp-content\/uploads\/2016\/10\/FVXG-K-navodila-za-uporabo.pdf\" rel=\"\">Navodila za uporabo<\/a><\/p>\n<p><a href=\"http:\/\/klimanano.si\/wp-content\/uploads\/2016\/10\/daikin-nexura-predstavitev.pdf\" rel=\"\">Daikin Nexura &#8211; predstavitev izdelka<\/a><\/p>\n","protected":false},"excerpt":{"rendered":"<p>Edinstvena enota s funkcijo radiatorja zaradi vgrajene konvekcijske plo\u0161\u010de. Naju\u010dinkovitej\u0161a klimatska naprava za ogrevanje in hlajenje s funkcijo radiatorja. Aluminijast del sprednje plo\u0161\u010de notranje enote Nexura se lahko ogreva, tako kot tradicionalni radiator. To pove\u010da udobje v hladnih dneh. Udobno, neodvisno navpi\u010dno obra\u010danje zagotavlja delovanje brez prepiha in prepre\u010duje umazanijo stropa. Idealno za vgradnjo pod [&hellip;]<\/p>\n","protected":false},"featured_media":3388,"template":"","meta":{"_monsterinsights_skip_tracking":false,"_monsterinsights_sitenote_active":false,"_monsterinsights_sitenote_note":"","_monsterinsights_sitenote_category":0},"product_cat":[24,32],"product_tag":[],"_links":{"self":[{"href":"https:\/\/klimanano.si\/sl\/wp-json\/wp\/v2\/product\/3498"}],"collection":[{"href":"https:\/\/klimanano.si\/sl\/wp-json\/wp\/v2\/product"}],"about":[{"href":"https:\/\/klimanano.si\/sl\/wp-json\/wp\/v2\/types\/product"}],"wp:featuredmedia":[{"embeddable":true,"href":"https:\/\/klimanano.si\/sl\/wp-json\/wp\/v2\/media\/3388"}],"wp:attachment":[{"href":"https:\/\/klimanano.si\/sl\/wp-json\/wp\/v2\/media?parent=3498"}],"wp:term":[{"taxonomy":"product_cat","embeddable":true,"href":"https:\/\/klimanano.si\/sl\/wp-json\/wp\/v2\/product_cat?post=3498"},{"taxonomy":"product_tag","embeddable":true,"href":"https:\/\/klimanano.si\/sl\/wp-json\/wp\/v2\/product_tag?post=3498"}],"curies":[{"name":"wp","href":"https:\/\/api.w.org\/{rel}","templated":true}]}}