{"id":3720,"date":"2020-03-16T10:19:18","date_gmt":"2020-03-16T10:19:18","guid":{"rendered":"http:\/\/klimanano.si\/?post_type=product&#038;p=3720"},"modified":"2020-10-30T05:20:45","modified_gmt":"2020-10-30T05:20:45","slug":"daikin-altherma-3-stenska","status":"publish","type":"product","link":"https:\/\/klimanano.si\/sl\/izdelki\/daikin-altherma-3-stenska\/","title":{"rendered":"Daikin Altherma 3 &#8211; stenska"},"content":{"rendered":"<p>&nbsp;<\/p>\n<ul>\n<li>Prilagodljiva in kompaktna naprava, stranski odmik ni potreben<\/li>\n<li>Lahko se kombinira z lo\u010denim rezervoarjem za toplo vodo (do 500 litrov, z ali brez son\u010dnega priklopa)<\/li>\n<li>Moderna in elegantna oblika<\/li>\n<\/ul>\n<p><a href=\"http:\/\/klimanano.si\/wp-content\/uploads\/2020\/03\/Altherma-3-bro\u0161ura..pdf\">Altherma 3 bro\u0161ura.<\/a><\/p>\n","protected":false},"excerpt":{"rendered":"<p>&nbsp; Prilagodljiva in kompaktna naprava, stranski odmik ni potreben Lahko se kombinira z lo\u010denim rezervoarjem za toplo vodo (do 500 litrov, z ali brez son\u010dnega priklopa) Moderna in elegantna oblika Altherma 3 bro\u0161ura.<\/p>\n","protected":false},"featured_media":3717,"template":"","meta":{"_monsterinsights_skip_tracking":false,"_monsterinsights_sitenote_active":false,"_monsterinsights_sitenote_note":"","_monsterinsights_sitenote_category":0},"product_cat":[30,25],"product_tag":[],"_links":{"self":[{"href":"https:\/\/klimanano.si\/sl\/wp-json\/wp\/v2\/product\/3720"}],"collection":[{"href":"https:\/\/klimanano.si\/sl\/wp-json\/wp\/v2\/product"}],"about":[{"href":"https:\/\/klimanano.si\/sl\/wp-json\/wp\/v2\/types\/product"}],"wp:featuredmedia":[{"embeddable":true,"href":"https:\/\/klimanano.si\/sl\/wp-json\/wp\/v2\/media\/3717"}],"wp:attachment":[{"href":"https:\/\/klimanano.si\/sl\/wp-json\/wp\/v2\/media?parent=3720"}],"wp:term":[{"taxonomy":"product_cat","embeddable":true,"href":"https:\/\/klimanano.si\/sl\/wp-json\/wp\/v2\/product_cat?post=3720"},{"taxonomy":"product_tag","embeddable":true,"href":"https:\/\/klimanano.si\/sl\/wp-json\/wp\/v2\/product_tag?post=3720"}],"curies":[{"name":"wp","href":"https:\/\/api.w.org\/{rel}","templated":true}]}}