{"id":3726,"date":"2020-03-17T07:04:01","date_gmt":"2020-03-17T07:04:01","guid":{"rendered":"http:\/\/klimanano.si\/?post_type=product&#038;p=3726"},"modified":"2020-10-29T21:13:52","modified_gmt":"2020-10-29T21:13:52","slug":"daikin-altherma-3-h-ht-prva-visokotemperaturna-toplotna-crpalka-z-enim-kompresorjem-novo","status":"publish","type":"product","link":"https:\/\/klimanano.si\/sl\/izdelki\/daikin-altherma-3-h-ht-prva-visokotemperaturna-toplotna-crpalka-z-enim-kompresorjem-novo\/","title":{"rendered":"Daikin Altherma 3 H HT &#8211; NOVO"},"content":{"rendered":"<ul>\n<li>Zunanja enota Daikin Altherma \u010drpa toplotno energijo iz zunanjega zraka in ogreva prostor ter vodo. Mo\u017eno je tudi hlajenje prostora. Toplotne \u010drpalke pridobivajo do 75 odstotkov energije iz zunanjega zraka. Preostali del pa pridobivajo z elektri\u010dno energijo. Toplotna \u010drpalka zrak-voda \u010drpa toplotno energijo iz zunanjega zraka prek hladilnega tokokroga in tako segreva vodo v vodnem krogu, preko katerega se ta toplotna energija preva\u017ea v va\u0161 dom.<\/li>\n<li>Prilagojena hladnej\u0161emu podnebju v Evropi \u2013 izdelana v Evropi za Evropo.<\/li>\n<li>Prilagojena je za delovanje do -28 \u00b0C.<\/li>\n<li>Delovanje do -15 \u00b0C brez pomo\u010di elektri\u010dnega grelnika.<\/li>\n<li>Za delovanje uporablja samo en ventilator in s tem dosega zelo nizek nivo hrupa, s \u010dimer je delovanje zelo prijazno za okolico.<\/li>\n<li>Upravljanje z novo upravljalno plo\u0161\u010do Madoka.<\/li>\n<\/ul>\n","protected":false},"excerpt":{"rendered":"<p>Zunanja enota Daikin Altherma \u010drpa toplotno energijo iz zunanjega zraka in ogreva prostor ter vodo. Mo\u017eno je tudi hlajenje prostora. Toplotne \u010drpalke pridobivajo do 75 odstotkov energije iz zunanjega zraka. Preostali del pa pridobivajo z elektri\u010dno energijo. Toplotna \u010drpalka zrak-voda \u010drpa toplotno energijo iz zunanjega zraka prek hladilnega tokokroga in tako segreva vodo v vodnem [&hellip;]<\/p>\n","protected":false},"featured_media":3714,"template":"","meta":{"_monsterinsights_skip_tracking":false,"_monsterinsights_sitenote_active":false,"_monsterinsights_sitenote_note":"","_monsterinsights_sitenote_category":0},"product_cat":[25,29],"product_tag":[],"_links":{"self":[{"href":"https:\/\/klimanano.si\/sl\/wp-json\/wp\/v2\/product\/3726"}],"collection":[{"href":"https:\/\/klimanano.si\/sl\/wp-json\/wp\/v2\/product"}],"about":[{"href":"https:\/\/klimanano.si\/sl\/wp-json\/wp\/v2\/types\/product"}],"wp:featuredmedia":[{"embeddable":true,"href":"https:\/\/klimanano.si\/sl\/wp-json\/wp\/v2\/media\/3714"}],"wp:attachment":[{"href":"https:\/\/klimanano.si\/sl\/wp-json\/wp\/v2\/media?parent=3726"}],"wp:term":[{"taxonomy":"product_cat","embeddable":true,"href":"https:\/\/klimanano.si\/sl\/wp-json\/wp\/v2\/product_cat?post=3726"},{"taxonomy":"product_tag","embeddable":true,"href":"https:\/\/klimanano.si\/sl\/wp-json\/wp\/v2\/product_tag?post=3726"}],"curies":[{"name":"wp","href":"https:\/\/api.w.org\/{rel}","templated":true}]}}