{"id":3899,"date":"2020-03-19T13:14:36","date_gmt":"2020-03-19T13:14:36","guid":{"rendered":"http:\/\/klimanano.si\/?post_type=product&#038;p=3899"},"modified":"2020-10-29T19:06:25","modified_gmt":"2020-10-29T19:06:25","slug":"vrv-iv-i","status":"publish","type":"product","link":"https:\/\/klimanano.si\/sl\/izdelki\/vrv-iv-i\/","title":{"rendered":"VRV IV i"},"content":{"rendered":"<ul>\n<li>Nevidna in\u0161talacija skrije va\u0161o enoto<\/li>\n<li>Edinstvena toplotna \u010drpalka VRV za vgradnjo v zaprte prostore<\/li>\n<li>Prilagodljiva in preprosta vgradnja v vse zgradbe z 2-delno zunanjo enoto<\/li>\n<\/ul>\n<p>Kompaktna in izdelana za notranjo postavitev \u2013 DAIKIN edinstvena serija VRV IV i je tako diskretno nevsiljiva, da je prakti\u010dno nevidna in idealna za mestna sredi\u0161\u010da ter mesta, ob\u010dutljiva na hrup. Ker je ni treba namestiti na streho ali na zadnjo steno stavbe, je la\u017eje pridobiti gradbeno dovoljenje in tako la\u017eje vzpostaviti in za\u010deti opravljati dejavnost.<\/p>\n","protected":false},"excerpt":{"rendered":"<p>Nevidna in\u0161talacija skrije va\u0161o enoto Edinstvena toplotna \u010drpalka VRV za vgradnjo v zaprte prostore Prilagodljiva in preprosta vgradnja v vse zgradbe z 2-delno zunanjo enoto Kompaktna in izdelana za notranjo postavitev \u2013 DAIKIN edinstvena serija VRV IV i je tako diskretno nevsiljiva, da je prakti\u010dno nevidna in idealna za mestna sredi\u0161\u010da ter mesta, ob\u010dutljiva na [&hellip;]<\/p>\n","protected":false},"featured_media":3879,"template":"","meta":{"_monsterinsights_skip_tracking":false,"_monsterinsights_sitenote_active":false,"_monsterinsights_sitenote_note":"","_monsterinsights_sitenote_category":0},"product_cat":[87],"product_tag":[],"_links":{"self":[{"href":"https:\/\/klimanano.si\/sl\/wp-json\/wp\/v2\/product\/3899"}],"collection":[{"href":"https:\/\/klimanano.si\/sl\/wp-json\/wp\/v2\/product"}],"about":[{"href":"https:\/\/klimanano.si\/sl\/wp-json\/wp\/v2\/types\/product"}],"wp:featuredmedia":[{"embeddable":true,"href":"https:\/\/klimanano.si\/sl\/wp-json\/wp\/v2\/media\/3879"}],"wp:attachment":[{"href":"https:\/\/klimanano.si\/sl\/wp-json\/wp\/v2\/media?parent=3899"}],"wp:term":[{"taxonomy":"product_cat","embeddable":true,"href":"https:\/\/klimanano.si\/sl\/wp-json\/wp\/v2\/product_cat?post=3899"},{"taxonomy":"product_tag","embeddable":true,"href":"https:\/\/klimanano.si\/sl\/wp-json\/wp\/v2\/product_tag?post=3899"}],"curies":[{"name":"wp","href":"https:\/\/api.w.org\/{rel}","templated":true}]}}