{"id":3993,"date":"2020-10-28T09:36:16","date_gmt":"2020-10-28T09:36:16","guid":{"rendered":"https:\/\/klimanano.si\/?post_type=product&#038;p=3993"},"modified":"2020-10-29T18:52:43","modified_gmt":"2020-10-29T18:52:43","slug":"daikin-altherma-groundsource-copy","status":"publish","type":"product","link":"https:\/\/klimanano.si\/sl\/izdelki\/daikin-altherma-groundsource-copy\/","title":{"rendered":"Daikin Altherma Groundsource"},"content":{"rendered":"<p>Toplotna \u010drpalka na zemeljski vir za ogrevanje in pripravo tople vode<\/p>\n<ul>\n<li>Tehnologija toplotnih \u010drpalk za geotermalne vire uporablja stabilno geotermalno energijo, na katero zunanja temperatura nima vpliva<\/li>\n<li>Najvi\u0161ja sezonska u\u010dinkovitost z na\u0161o invertersko tehnologijo toplotnih \u010drpalk<\/li>\n<li>Enostavna in hitra namestitev s tovarni\u0161ko name\u0161\u010denimi cevnimi priklju\u010dki na enoti in majhno skupno te\u017eo<\/li>\n<li>Vgrajena notranja enota: samostojna enota po sistemu &#8220;vse v enem&#8221;, ima tudi vgrajen grelec za toplo sanitarno vodo<\/li>\n<li>Uporabni\u0161ki vmesnik s funkcijo termostata za ve\u010dje udobje, hitrej\u0161i zagon, enostavno servisiranje in upravljanje energije, s katerimi lahko zmanj\u0161ate porabo energije in s tem zni\u017eate stro\u0161ke.<\/li>\n<\/ul>\n<p>\u017de od 9.254 \u20ac (cena ne vklju\u010duje monta\u017ee).<\/p>\n<p><a href=\"http:\/\/klimanano.si\/wp-content\/uploads\/2016\/10\/Daikin-Altherma-Ground-Source-Heat-Pump_Product-profile_Installers_ECPEN15-728A_English.pdf\" target=\"_blank\" rel=\"noopener noreferrer\">Daikin Altherma Groundsource manual<\/a><\/p>\n<p><a href=\"http:\/\/klimanano.si\/wp-content\/uploads\/2016\/10\/EGSQH-A9W_4PSL351750-1D_Operation-manuals_Slovenian.pdf\" rel=\"\">Daikin Altherma Groundsource &#8211; informacije za monterje (EN)<\/a><\/p>\n","protected":false},"excerpt":{"rendered":"<p>Toplotna \u010drpalka na zemeljski vir za ogrevanje in pripravo tople vode Tehnologija toplotnih \u010drpalk za geotermalne vire uporablja stabilno geotermalno energijo, na katero zunanja temperatura nima vpliva Najvi\u0161ja sezonska u\u010dinkovitost z na\u0161o invertersko tehnologijo toplotnih \u010drpalk Enostavna in hitra namestitev s tovarni\u0161ko name\u0161\u010denimi cevnimi priklju\u010dki na enoti in majhno skupno te\u017eo Vgrajena notranja enota: samostojna [&hellip;]<\/p>\n","protected":false},"featured_media":3440,"template":"","meta":{"_monsterinsights_skip_tracking":false,"_monsterinsights_sitenote_active":false,"_monsterinsights_sitenote_note":"","_monsterinsights_sitenote_category":0},"product_cat":[25],"product_tag":[],"_links":{"self":[{"href":"https:\/\/klimanano.si\/sl\/wp-json\/wp\/v2\/product\/3993"}],"collection":[{"href":"https:\/\/klimanano.si\/sl\/wp-json\/wp\/v2\/product"}],"about":[{"href":"https:\/\/klimanano.si\/sl\/wp-json\/wp\/v2\/types\/product"}],"wp:featuredmedia":[{"embeddable":true,"href":"https:\/\/klimanano.si\/sl\/wp-json\/wp\/v2\/media\/3440"}],"wp:attachment":[{"href":"https:\/\/klimanano.si\/sl\/wp-json\/wp\/v2\/media?parent=3993"}],"wp:term":[{"taxonomy":"product_cat","embeddable":true,"href":"https:\/\/klimanano.si\/sl\/wp-json\/wp\/v2\/product_cat?post=3993"},{"taxonomy":"product_tag","embeddable":true,"href":"https:\/\/klimanano.si\/sl\/wp-json\/wp\/v2\/product_tag?post=3993"}],"curies":[{"name":"wp","href":"https:\/\/api.w.org\/{rel}","templated":true}]}}