{"id":48,"date":"2016-03-01T08:49:25","date_gmt":"2016-03-01T08:49:25","guid":{"rendered":"http:\/\/test.kriesi.at\/travel\/?post_type=product&#038;p=48"},"modified":"2020-10-29T13:01:22","modified_gmt":"2020-10-29T13:01:22","slug":"daikin-sensira","status":"publish","type":"product","link":"https:\/\/klimanano.si\/sl\/izdelki\/daikin-sensira\/","title":{"rendered":"Daikin Sensira"},"content":{"rendered":"<p>Diskretna stenska klimatska naprava, ki z visoko u\u010dinkovitostjo zagotavlja nizko porabo energije in popolno udobje.<\/p>\n<ul>\n<li>Visoka u\u010dinkovitost: Sensira ustvarja udobno bivanjsko klimo, obenem pa zagotavlja odli\u010dno energijsko u\u010dinkovitost.<\/li>\n<li>Uporaba plina R-32 zmanj\u0161a vplive na okolje za 68 % v primerjavi s plinom R-410A.<\/li>\n<li>Zanesljivost delovanja je zagotavljano z intenzivnimi testiranji vsake klimatske naprave, preden le-ta zapusti tovarno.<\/li>\n<li>Nihajni kompresor z uporabo inverter tehnologije, zagotavlja prihranke pri energiji, ni\u017eje tveganje za okvaro enote, ti\u0161je delovanje in manj vibracij.<\/li>\n<li>S tihim delovanjem do 21dBA je klimatska naprava skoraj nesli\u0161na in zagotavlja miren no\u010dni spanec.<\/li>\n<li>Preprosto upravljanje: z \u201cDaikin Online Controller\u201d lahko nastavite, upravljate in spremljate ogrevanje ter hlajenje od koderkoli. Enoto pove\u017eite z Wi-Fi omre\u017ejem in si nalo\u017eite aplikacijo.<\/li>\n<li>Wi-Fi upravljanje je na voljo kot dodatna oprema.<\/li>\n<\/ul>\n<p>Upravljalnik nudi:<\/p>\n<ul>\n<li>pregled delovanja in upravljanja do 50 enot v va\u0161em domu,<\/li>\n<li>pregled individualne sobe: z interaktivnim termostatom lahko nastavite temperaturo, na\u010din delovanja in \u010di\u0161\u010denje zraka ter ventilatorjev v posamezni sobi,<\/li>\n<li>\u010dasovno prilagoditev: ustvarite razli\u010dne urnike za do 6 aktivnosti na dan, za 7 dni v tednu in aktivirajte posebne na\u010dine delovanja,<\/li>\n<li>poraba energije: z grafi\u010dnim prikazom dobite pregled, kje lahko prihranite pri energiji in tako privar\u010dujete,<\/li>\n<li>\u201c\u010de je to, potem tako\u201d: klimatsko napravo lahko programirate tako, da se prilagodi va\u0161emu \u017eivljenjskemu stilu.<\/li>\n<\/ul>\n<p>&nbsp;<\/p>\n<table border=\"1\" cellspacing=\"0\" cellpadding=\"0\" align=\"left\">\n<tbody>\n<tr>\n<td valign=\"top\">Model<\/td>\n<td valign=\"top\">Not. en.<br \/>\nZun. en.<\/td>\n<td valign=\"top\">FTXF25A<br \/>\nRXF25A<\/td>\n<td valign=\"top\">FTXF35A<br \/>\nRXF35A<\/td>\n<td valign=\"top\">FTXF50A<br \/>\nRXF50A<\/td>\n<\/tr>\n<tr>\n<td valign=\"top\">Napajanje<\/td>\n<td valign=\"top\">AC1Ph220-230V 50Hz<\/td>\n<\/tr>\n<tr>\n<td valign=\"top\">Hladilna mo\u010d<\/td>\n<td valign=\"top\">Nom.(min.-max.) KW<\/td>\n<td valign=\"top\">2.5 (1.3-3.0)<\/td>\n<td valign=\"top\">3.3 (1.3-3.8)<\/td>\n<td valign=\"top\">5.0 (1.7-6.0)<\/td>\n<\/tr>\n<tr>\n<td valign=\"top\">Grelna mo\u010d<\/td>\n<td valign=\"top\">Nom.(min.-max.) KW<\/td>\n<td valign=\"top\">2.8 (1.3-4.0)<\/td>\n<td valign=\"top\">3.5 (1.3-4.8)<\/td>\n<td valign=\"top\">6.0 (1.7-7.7)<\/td>\n<\/tr>\n<tr>\n<td valign=\"top\">Porabljena el.mo\u010d<\/td>\n<td valign=\"top\"><\/td>\n<\/tr>\n<tr>\n<td valign=\"top\">V hlajenju<\/td>\n<td valign=\"top\">Nom.(min.-max.) KW<\/td>\n<td valign=\"top\">0.76(0.31-1.05)<\/td>\n<td valign=\"top\">1.00(0.29-1.30)<\/td>\n<td valign=\"top\">1.50(0.32-1.83)<\/td>\n<\/tr>\n<tr>\n<td valign=\"top\">V ogrevanju<\/td>\n<td valign=\"top\">Nom.(min.-max.) KW<\/td>\n<td valign=\"top\">0.70(0.25-1.11)<\/td>\n<td valign=\"top\">0.94(0.29-1.29)<\/td>\n<td valign=\"top\">1.62(0.44-2.36)<\/td>\n<\/tr>\n<tr>\n<td valign=\"top\">SEER hlajenje<\/td>\n<td valign=\"top\"><\/td>\n<td valign=\"top\">6.22\/A++<\/td>\n<td valign=\"top\">6.21\/A++<\/td>\n<td valign=\"top\">6.21\/A++<\/td>\n<\/tr>\n<tr>\n<td valign=\"top\">SCOP gretje<\/td>\n<td valign=\"top\"><\/td>\n<td valign=\"top\">4.06\/A+<\/td>\n<td valign=\"top\">4.06\/A+<\/td>\n<td valign=\"top\">4.06\/A+<\/td>\n<\/tr>\n<tr>\n<td valign=\"top\">Zvo\u010dni tlak notranja enota<\/td>\n<td valign=\"top\"><\/td>\n<\/tr>\n<tr>\n<td valign=\"top\">Hlajenje<\/td>\n<td valign=\"top\">dB(A)<\/td>\n<td valign=\"top\">40\/26\/20<\/td>\n<td valign=\"top\">43\/27\/20<\/td>\n<td valign=\"top\">43\/34\/31<\/td>\n<\/tr>\n<tr>\n<td valign=\"top\">Ogrevanje<\/td>\n<td valign=\"top\">dB(A)<\/td>\n<td valign=\"top\">40\/29\/21<\/td>\n<td valign=\"top\">40\/29\/21<\/td>\n<td valign=\"top\">42\/33\/30<\/td>\n<\/tr>\n<tr>\n<td valign=\"top\">Zvo\u010dni tlak zunanja enota<\/td>\n<td valign=\"top\"><\/td>\n<\/tr>\n<tr>\n<td valign=\"top\">Hlajenje<\/td>\n<td valign=\"top\">dB(A)<\/td>\n<td valign=\"top\">46<\/td>\n<td valign=\"top\">48<\/td>\n<td valign=\"top\">47<\/td>\n<\/tr>\n<tr>\n<td valign=\"top\">Ogrevanje<\/td>\n<td valign=\"top\">dB(A)<\/td>\n<td valign=\"top\">47<\/td>\n<td valign=\"top\">48<\/td>\n<td valign=\"top\">49<\/td>\n<\/tr>\n<tr>\n<td valign=\"top\">Dimenzije notranja enota<\/td>\n<td valign=\"top\">VxDxG mm<\/td>\n<td valign=\"top\">286x770x225<\/td>\n<td valign=\"top\">286x770x225<\/td>\n<td valign=\"top\">295x990x263<\/td>\n<\/tr>\n<tr>\n<td valign=\"top\">Te\u017ea notranja enota<\/td>\n<td valign=\"top\">kg<\/td>\n<td valign=\"top\">9<\/td>\n<td valign=\"top\">9<\/td>\n<td valign=\"top\">13.5<\/td>\n<\/tr>\n<tr>\n<td valign=\"top\">Dimenzije zunanja enota<\/td>\n<td valign=\"top\">VxDxG mm<\/td>\n<td valign=\"top\">550x658x275<\/td>\n<td valign=\"top\">550x658x275<\/td>\n<td valign=\"top\">735x825x300<\/td>\n<\/tr>\n<tr>\n<td valign=\"top\">Te\u017ea zunanja enota<\/td>\n<td valign=\"top\">kg<\/td>\n<td valign=\"top\">28<\/td>\n<td valign=\"top\">28<\/td>\n<td valign=\"top\">47<\/td>\n<\/tr>\n<tr>\n<td valign=\"top\">Kompresor<\/td>\n<td valign=\"top\">vrsta<\/td>\n<td valign=\"top\">DC Scroll<\/td>\n<td valign=\"top\">DC Scroll<\/td>\n<td valign=\"top\">DC Scroll<\/td>\n<\/tr>\n<tr>\n<td valign=\"top\">Cevne povezave (teko\u010da faza)<\/td>\n<td valign=\"top\">mm(in)<\/td>\n<td valign=\"top\">6.35 (1\/4)<\/td>\n<td valign=\"top\">6.35 (1\/4)<\/td>\n<td valign=\"top\">6.35(1\/4)<\/td>\n<\/tr>\n<tr>\n<td valign=\"top\">Cevne povezave (plinska faza)<\/td>\n<td valign=\"top\">mm(in)<\/td>\n<td valign=\"top\">9.52 (3\/8)<\/td>\n<td valign=\"top\">9.52 (3\/8)<\/td>\n<td valign=\"top\">12.7(1\/2)<\/td>\n<\/tr>\n<\/tbody>\n<\/table>\n<p>&nbsp;<\/p>\n","protected":false},"excerpt":{"rendered":"<p>Diskretna stenska klimatska naprava, ki z visoko u\u010dinkovitostjo zagotavlja nizko porabo energije in popolno udobje. Visoka u\u010dinkovitost: Sensira ustvarja udobno bivanjsko klimo, obenem pa zagotavlja odli\u010dno energijsko u\u010dinkovitost. Uporaba plina R-32 zmanj\u0161a vplive na okolje za 68 % v primerjavi s plinom R-410A. Zanesljivost delovanja je zagotavljano z intenzivnimi testiranji vsake klimatske naprave, preden le-ta [&hellip;]<\/p>\n","protected":false},"featured_media":3564,"template":"","meta":{"_monsterinsights_skip_tracking":false,"_monsterinsights_sitenote_active":false,"_monsterinsights_sitenote_note":"","_monsterinsights_sitenote_category":0},"product_cat":[24,31],"product_tag":[11],"_links":{"self":[{"href":"https:\/\/klimanano.si\/sl\/wp-json\/wp\/v2\/product\/48"}],"collection":[{"href":"https:\/\/klimanano.si\/sl\/wp-json\/wp\/v2\/product"}],"about":[{"href":"https:\/\/klimanano.si\/sl\/wp-json\/wp\/v2\/types\/product"}],"wp:featuredmedia":[{"embeddable":true,"href":"https:\/\/klimanano.si\/sl\/wp-json\/wp\/v2\/media\/3564"}],"wp:attachment":[{"href":"https:\/\/klimanano.si\/sl\/wp-json\/wp\/v2\/media?parent=48"}],"wp:term":[{"taxonomy":"product_cat","embeddable":true,"href":"https:\/\/klimanano.si\/sl\/wp-json\/wp\/v2\/product_cat?post=48"},{"taxonomy":"product_tag","embeddable":true,"href":"https:\/\/klimanano.si\/sl\/wp-json\/wp\/v2\/product_tag?post=48"}],"curies":[{"name":"wp","href":"https:\/\/api.w.org\/{rel}","templated":true}]}}