{"id":652,"date":"2016-05-12T17:30:02","date_gmt":"2016-05-12T17:30:02","guid":{"rendered":"http:\/\/fabrikagym.com\/tadej\/heatandcool\/?post_type=product&#038;p=652"},"modified":"2020-10-30T08:21:04","modified_gmt":"2020-10-30T08:21:04","slug":"daikin-altherma-ht-2","status":"publish","type":"product","link":"https:\/\/klimanano.si\/sl\/izdelki\/daikin-altherma-ht-2\/","title":{"rendered":"Daikin Altherma HT"},"content":{"rendered":"<p>Samostoje\u010da toplotna \u010drpalka zrak-voda za samo ogrevanje in toplo vodo, ki jo je mogo\u010de kombinirati z obstoje\u010dimi radiatorji.<\/p>\n<ul>\n<li>Energetsko u\u010dinkoviti sistem ogrevanja temelji na\u00a0tehnologiji toplotne \u010drpalke zrak-voda.<\/li>\n<li>Visokotemperaturna uporaba: do 80 \u00b0C brez elektri\u010dnega grelnika.<\/li>\n<li>Preprosta zamenjava obstoje\u010dega kotla brez zamenjave cevi za ogrevanje.<\/li>\n<li>Mo\u017enost kombiniranja z visokotemperaturnimi radiatorji.<\/li>\n<li>Nizki stro\u0161ki za energijo in nizki izpusti CO2.<\/li>\n<li>Inverterski spiralni kompresor.<\/li>\n<li>Zunanja enota \u010drpa toploto iz zunanjega zraka tudi pri \u201320 \u00b0C<\/li>\n<\/ul>\n<p>Viskotemperaturna toplotna \u010drpalka zrak\/voda je namenjena zagotavljanju energije za nove kakor tudi stare ogrevalne sistem kjer potrebujemo visokotemperaturni re\u017eim ogrevanje. Toplotna \u010drpalka nam omogo\u010da doseganje temperature ogrevane vode do 80C tudi pri ekstremnih zunanjih temperaturah -20C. S tem omogo\u010damo zadostno koli\u010dino energije in visoke temperature za ogrevanje objekta z radiatorskim ogrevalnim\u00a0 sistemom, talnim ogrevalnim sistemom ali kombinacijo obeh.<\/p>\n<p>Zunanja enota je kompaktna ter enostavna za monta\u017eo na voljo so nam enofazne enote z razponom\u00a0 mo\u010di od 11kW do 16kW ter trofazne enote z razponom mo\u010di od 11kW do 16kW . Zunanja enota zajema toploto iz zunanjega zraka ter jo dviguje njegovo\u00a0 temperaturo do ravni ki omogo\u010da gretje. To toploto zatem prena\u0161a-preko napeljave za hladilno sredstvo, ki seveda nikoli ne zmrzne- v notranjo enoto od tukaj toplota (do80C)potuje do radiatorjev, talnega ogrevanja\u00a0 ali kombinacije le teh.<\/p>\n<p>Notranja enota je kompaktna enostavna za monta\u017eo na voljo so nam enote z bojlerjem(se postavi na notranjo enoto ali zraven) za pripravo sanitarne vode z 200l ali 260l rezervarjem ali pa le brez tega v primer obstoje\u010dega bojlerja.\u00a0 Daikin-ov edinstveni pristop na principu kaskadnega kompresorja do toplotnih \u010drpalk ( ene v zunanji enoti\/ena v notranji enoti) nam nudi visok COP saj se drug kompresor na vklju\u010duje \u010de ni potrebe.<\/p>\n<p><strong>Primerna je za:<\/strong><br \/>\n\u2022\u00a0\u00a0 \u00a0Ogrevanje objektna in pripravo sanitarne vode izklju\u010dno s T\u010c<br \/>\n\u2022\u00a0\u00a0 \u00a0Ogrevanje objekta in pripravo sanitarne vode v kombinaciji T\u010c z obstoje\u010dim kotlom<br \/>\n\u2022\u00a0\u00a0 \u00a0Ogrevanje objekta, pripravo sanitarne tople vode ter ogrevanje bazena izklju\u010dno s T\u010c,<br \/>\n\u2022\u00a0\u00a0 \u00a0Kombinacijo ogrevanj objekta in pripravo sanitarne tople vode s T\u010c sinhronizirano s solarnim sistemom<\/p>\n<p><strong>Toplotna \u010drpalka dosega izredno visoke faktorje COP zaradi:<\/strong><br \/>\n\u2022\u00a0\u00a0 \u00a0Pametne kaskadne zasnove regulacije z dvema internima freon-skima krogoma in dvema kompresorjema (nizki krog, visoki krog),<br \/>\n\u2022\u00a0\u00a0 \u00a0Inverterske tehnologije obeh kompresorjev.<\/p>\n<p><a href=\"http:\/\/klimanano.si\/wp-content\/uploads\/2016\/05\/Altherma-HT-B2C.pdf\">Daikin Altherma HT &#8211; bro\u0161ura<\/a><\/p>\n<p><a href=\"http:\/\/klimanano.si\/wp-content\/uploads\/2016\/05\/EKHBRD-ADV1_ADY1_4PSL402192-1A_OM_Operation-Manuals_Slovenian.pdf\">Navodila za uporabo Daikin Altherma HT<\/a><\/p>\n","protected":false},"excerpt":{"rendered":"<p>Samostoje\u010da toplotna \u010drpalka zrak-voda za samo ogrevanje in toplo vodo, ki jo je mogo\u010de kombinirati z obstoje\u010dimi radiatorji. Energetsko u\u010dinkoviti sistem ogrevanja temelji na\u00a0tehnologiji toplotne \u010drpalke zrak-voda. Visokotemperaturna uporaba: do 80 \u00b0C brez elektri\u010dnega grelnika. Preprosta zamenjava obstoje\u010dega kotla brez zamenjave cevi za ogrevanje. Mo\u017enost kombiniranja z visokotemperaturnimi radiatorji. Nizki stro\u0161ki za energijo in nizki [&hellip;]<\/p>\n","protected":false},"featured_media":3584,"template":"","meta":{"_monsterinsights_skip_tracking":false,"_monsterinsights_sitenote_active":false,"_monsterinsights_sitenote_note":"","_monsterinsights_sitenote_category":0},"product_cat":[25,29],"product_tag":[],"_links":{"self":[{"href":"https:\/\/klimanano.si\/sl\/wp-json\/wp\/v2\/product\/652"}],"collection":[{"href":"https:\/\/klimanano.si\/sl\/wp-json\/wp\/v2\/product"}],"about":[{"href":"https:\/\/klimanano.si\/sl\/wp-json\/wp\/v2\/types\/product"}],"wp:featuredmedia":[{"embeddable":true,"href":"https:\/\/klimanano.si\/sl\/wp-json\/wp\/v2\/media\/3584"}],"wp:attachment":[{"href":"https:\/\/klimanano.si\/sl\/wp-json\/wp\/v2\/media?parent=652"}],"wp:term":[{"taxonomy":"product_cat","embeddable":true,"href":"https:\/\/klimanano.si\/sl\/wp-json\/wp\/v2\/product_cat?post=652"},{"taxonomy":"product_tag","embeddable":true,"href":"https:\/\/klimanano.si\/sl\/wp-json\/wp\/v2\/product_tag?post=652"}],"curies":[{"name":"wp","href":"https:\/\/api.w.org\/{rel}","templated":true}]}}