{"id":736,"date":"2016-06-09T18:38:46","date_gmt":"2016-06-09T18:38:46","guid":{"rendered":"http:\/\/heatandcool.si\/?post_type=product&#038;p=736"},"modified":"2020-10-31T17:14:57","modified_gmt":"2020-10-31T17:14:57","slug":"daikin-altherma-lt","status":"publish","type":"product","link":"https:\/\/klimanano.si\/sl\/izdelki\/daikin-altherma-lt\/","title":{"rendered":"Daikin Altherma LT"},"content":{"rendered":"<p>Samostoje\u010da toplotna ali stenska \u010drpalka zrak-voda Daikin Altherma za ogrevanje in toplo vodo, idealna za nizkoenergijske hi\u0161e.<\/p>\n<ul>\n<li>Vgrajena notranja enota: samostoje\u010da enota po sistemu vse-venem\u00a0ima vgrajen tudi grelnik za sanitarno toplo vodo(180l ali 260l).<\/li>\n<li>Stenska ali integrirana enota<\/li>\n<li>Energetsko u\u010dinkoviti sistem ogrevanja temelji na\u00a0tehnologiji toplotne \u010drpalke zrak-voda.<\/li>\n<li>Popolna izbira za novogradnje in nizkoenergijske hi\u0161e.<\/li>\n<li>Najbolj\u0161e sezonske u\u010dinkovitosti, ki zagotavljajo\u00a0najvi\u0161je prihranke pri obratovalnih stro\u0161kih.<\/li>\n<li>Prilagodljiva konfiguracija toplotnih virov.<\/li>\n<li>Zunanja enota \u010drpa toploto iz zunanjega zraka tudi pri -25 \u00b0C.<\/li>\n<\/ul>\n<p><a href=\"http:\/\/klimanano.si\/wp-content\/uploads\/2016\/10\/Altherma-LT-brosure_web.pdf\">Daikin Altherma LT &#8211; bro\u0161ura<\/a><\/p>\n<p><a href=\"http:\/\/klimanano.si\/wp-content\/uploads\/2016\/10\/4PSL383117-1C_OM_EHBH-CB_EHBX-CB_EHVH-CB_EHVX-CB_Operation-Manuals_Slovenian.pdf\">Daikin Altherma LT &#8211; navodila za uporabnika<\/a><\/p>\n","protected":false},"excerpt":{"rendered":"<p>Samostoje\u010da toplotna ali stenska \u010drpalka zrak-voda Daikin Altherma za ogrevanje in toplo vodo, idealna za nizkoenergijske hi\u0161e. Vgrajena notranja enota: samostoje\u010da enota po sistemu vse-venem\u00a0ima vgrajen tudi grelnik za sanitarno toplo vodo(180l ali 260l). Stenska ali integrirana enota Energetsko u\u010dinkoviti sistem ogrevanja temelji na\u00a0tehnologiji toplotne \u010drpalke zrak-voda. Popolna izbira za novogradnje in nizkoenergijske hi\u0161e. Najbolj\u0161e [&hellip;]<\/p>\n","protected":false},"featured_media":3433,"template":"","meta":{"_monsterinsights_skip_tracking":false,"_monsterinsights_sitenote_active":false,"_monsterinsights_sitenote_note":"","_monsterinsights_sitenote_category":0},"product_cat":[30,25],"product_tag":[],"_links":{"self":[{"href":"https:\/\/klimanano.si\/sl\/wp-json\/wp\/v2\/product\/736"}],"collection":[{"href":"https:\/\/klimanano.si\/sl\/wp-json\/wp\/v2\/product"}],"about":[{"href":"https:\/\/klimanano.si\/sl\/wp-json\/wp\/v2\/types\/product"}],"wp:featuredmedia":[{"embeddable":true,"href":"https:\/\/klimanano.si\/sl\/wp-json\/wp\/v2\/media\/3433"}],"wp:attachment":[{"href":"https:\/\/klimanano.si\/sl\/wp-json\/wp\/v2\/media?parent=736"}],"wp:term":[{"taxonomy":"product_cat","embeddable":true,"href":"https:\/\/klimanano.si\/sl\/wp-json\/wp\/v2\/product_cat?post=736"},{"taxonomy":"product_tag","embeddable":true,"href":"https:\/\/klimanano.si\/sl\/wp-json\/wp\/v2\/product_tag?post=736"}],"curies":[{"name":"wp","href":"https:\/\/api.w.org\/{rel}","templated":true}]}}